{"id":8139,"date":"2022-10-06T07:56:06","date_gmt":"2022-10-06T05:56:06","guid":{"rendered":"https:\/\/berryshka.com\/products\/"},"modified":"2022-10-06T07:56:22","modified_gmt":"2022-10-06T05:56:22","slug":"products","status":"publish","type":"page","link":"https:\/\/berryshka.com\/en\/products\/","title":{"rendered":"Products"},"content":{"rendered":"\t\t<div data-elementor-type=\"wp-page\" data-elementor-id=\"8139\" class=\"elementor elementor-8139 elementor-771\" data-elementor-post-type=\"page\">\n\t\t\t\t\t\t<section class=\"elementor-section elementor-top-section elementor-element elementor-element-349c5776 elementor-section-height-min-height elementor-section-stretched elementor-section-boxed elementor-section-height-default elementor-section-items-middle\" data-id=\"349c5776\" data-element_type=\"section\" data-e-type=\"section\" data-settings=\"{&quot;stretch_section&quot;:&quot;section-stretched&quot;,&quot;background_background&quot;:&quot;slideshow&quot;,&quot;background_slideshow_gallery&quot;:[{&quot;id&quot;:&quot;1062&quot;,&quot;url&quot;:&quot;https:\\\/\\\/berryshka.com\\\/wp-content\\\/uploads\\\/2021\\\/04\\\/izdelki-intro-slika.jpg&quot;}],&quot;background_slideshow_loop&quot;:&quot;yes&quot;,&quot;background_slideshow_slide_duration&quot;:5000,&quot;background_slideshow_slide_transition&quot;:&quot;fade&quot;,&quot;background_slideshow_transition_duration&quot;:500}\">\n\t\t\t\t\t\t\t<div class=\"elementor-background-overlay\"><\/div>\n\t\t\t\t\t\t\t<div class=\"elementor-container elementor-column-gap-no\">\n\t\t\t\t\t<div class=\"elementor-column elementor-col-100 elementor-top-column elementor-element elementor-element-1b2289b\" data-id=\"1b2289b\" data-element_type=\"column\" data-e-type=\"column\">\n\t\t\t<div class=\"elementor-widget-wrap elementor-element-populated\">\n\t\t\t\t\t\t<div class=\"elementor-element elementor-element-362b3c7e elementor-widget elementor-widget-heading\" data-id=\"362b3c7e\" data-element_type=\"widget\" data-e-type=\"widget\" data-widget_type=\"heading.default\">\n\t\t\t\t<div class=\"elementor-widget-container\">\n\t\t\t\t\t<h2 class=\"elementor-heading-title elementor-size-default\">Berryshka products<\/h2>\t\t\t\t<\/div>\n\t\t\t\t<\/div>\n\t\t\t\t\t<\/div>\n\t\t<\/div>\n\t\t\t\t\t<\/div>\n\t\t<\/section>\n\t\t\t\t<section class=\"elementor-section elementor-top-section elementor-element elementor-element-d9a70f9 elementor-section-boxed elementor-section-height-default elementor-section-height-default\" data-id=\"d9a70f9\" data-element_type=\"section\" data-e-type=\"section\">\n\t\t\t\t\t\t<div class=\"elementor-container elementor-column-gap-default\">\n\t\t\t\t\t<div class=\"elementor-column elementor-col-100 elementor-top-column elementor-element elementor-element-426e890\" data-id=\"426e890\" data-element_type=\"column\" data-e-type=\"column\">\n\t\t\t<div class=\"elementor-widget-wrap elementor-element-populated\">\n\t\t\t\t\t\t<div class=\"elementor-element elementor-element-fa038ca elementor-widget elementor-widget-text-editor\" data-id=\"fa038ca\" data-element_type=\"widget\" data-e-type=\"widget\" data-widget_type=\"text-editor.default\">\n\t\t\t\t<div class=\"elementor-widget-container\">\n\t\t\t\t\t\t\t\t\t<p>Berryshka drinks are distinguished by many awards of internationally recognised quality, from bronze to gold awards, awarded by the largest internationally recognised competitions, such as the International Wine and Spirit Competition (IWSC) London, World Competition (WSC) San Francisco, World Spirits Award by Wolfram Ortner (WSA) Bad Kleinkirchheim, Hong Kong International Wine and Spirit Competition (HKIWSC), and USA Spirits Ratings San Francisco.<\/p>\n\t\t\t\t\t\t\t\t<\/div>\n\t\t\t\t<\/div>\n\t\t\t\t\t<\/div>\n\t\t<\/div>\n\t\t\t\t\t<\/div>\n\t\t<\/section>\n\t\t\t\t<section class=\"elementor-section elementor-top-section elementor-element elementor-element-af027e1 elementor-section-full_width elementor-section-stretched elementor-section-height-default elementor-section-height-default\" data-id=\"af027e1\" data-element_type=\"section\" data-e-type=\"section\" data-settings=\"{&quot;stretch_section&quot;:&quot;section-stretched&quot;}\">\n\t\t\t\t\t\t<div class=\"elementor-container elementor-column-gap-default\">\n\t\t\t\t\t<div class=\"elementor-column elementor-col-33 elementor-top-column elementor-element elementor-element-4a492e1\" data-id=\"4a492e1\" data-element_type=\"column\" data-e-type=\"column\">\n\t\t\t<div class=\"elementor-widget-wrap elementor-element-populated\">\n\t\t\t\t\t\t<div class=\"elementor-element elementor-element-269a2e7 elementor-widget elementor-widget-banner\" data-id=\"269a2e7\" data-element_type=\"widget\" data-e-type=\"widget\" data-settings=\"{&quot;use_default_tags&quot;:&quot;no&quot;}\" data-widget_type=\"banner.default\">\n\t\t\t\t<div class=\"elementor-widget-container\">\n\t\t\t\t\t        <div id=\"banner-3658\" class=\"banner  cursor-pointer banner-type-2 et_image-with-hover et_image-hover-2 with-diagonal valign-bottom font-style-dark\" onclick=\"window.location='https:\/\/berryshka.com\/izdelki\/gin\/'\">\n\n\t\t\t\n\t\t\t\t<img decoding=\"async\" src=\"https:\/\/berryshka.com\/wp-content\/uploads\/2021\/01\/Berryshka-preloader-white.gif\" data-src=\"https:\/\/berryshka.com\/wp-content\/uploads\/elementor\/thumbs\/Komp2_splet1-pjc4x2mzzsae62q2vz5iauc0pn5atlpnblla872wlk.jpg\" title=\"Komp2_splet(1)\" alt=\"Komp2_splet(1)\" class=\"elementor-animation-  lazyload lazyload-simple et-lazyload-fadeIn\" loading=\"lazy\" \/>                <div class=\"banner-content \">\n\n\t\t\t\t\t<h2 class=\"banner-title \"><span>GIN<\/span><\/h2>                    <div class=\"content-inner\">\n\n\t\t\t\t\t\t\n                    <\/div>\n\t\t\t\t\t        <\/div>\n\n\t\t        <\/div>\n\n\t\t\t\t\t\t<\/div>\n\t\t\t\t<\/div>\n\t\t\t\t\t<\/div>\n\t\t<\/div>\n\t\t\t\t<div class=\"elementor-column elementor-col-33 elementor-top-column elementor-element elementor-element-e8c19cd\" data-id=\"e8c19cd\" data-element_type=\"column\" data-e-type=\"column\">\n\t\t\t<div class=\"elementor-widget-wrap elementor-element-populated\">\n\t\t\t\t\t\t<div class=\"elementor-element elementor-element-015d7a2 elementor-widget elementor-widget-banner\" data-id=\"015d7a2\" data-element_type=\"widget\" data-e-type=\"widget\" data-settings=\"{&quot;use_default_tags&quot;:&quot;no&quot;}\" data-widget_type=\"banner.default\">\n\t\t\t\t<div class=\"elementor-widget-container\">\n\t\t\t\t\t        <div id=\"banner-4723\" class=\"banner  cursor-pointer banner-type-2 et_image-with-hover et_image-hover-2 with-diagonal valign-bottom font-style-dark\" onclick=\"window.location='https:\/\/berryshka.com\/izdelki\/brinova-zganja\/'\">\n\n\t\t\t\n\t\t\t\t<img decoding=\"async\" src=\"https:\/\/berryshka.com\/wp-content\/uploads\/2021\/01\/Berryshka-preloader-white.gif\" data-src=\"https:\/\/berryshka.com\/wp-content\/uploads\/elementor\/thumbs\/Komp1_splet1-pjc56f57yh31mh5ab0ly3hf1dl2pd8tjxv54197yq0.jpg\" title=\"Komp1_splet(1)\" alt=\"Komp1_splet(1)\" class=\"elementor-animation-  lazyload lazyload-simple et-lazyload-fadeIn\" loading=\"lazy\" \/>                <div class=\"banner-content \">\n\n\t\t\t\t\t<h2 class=\"banner-title \"><span>JUNIPER BRANDIES<\/span><\/h2>                    <div class=\"content-inner\">\n\n\t\t\t\t\t\t\n                    <\/div>\n\t\t\t\t\t        <\/div>\n\n\t\t        <\/div>\n\n\t\t\t\t\t\t<\/div>\n\t\t\t\t<\/div>\n\t\t\t\t\t<\/div>\n\t\t<\/div>\n\t\t\t\t<div class=\"elementor-column elementor-col-33 elementor-top-column elementor-element elementor-element-21f97f6\" data-id=\"21f97f6\" data-element_type=\"column\" data-e-type=\"column\">\n\t\t\t<div class=\"elementor-widget-wrap elementor-element-populated\">\n\t\t\t\t\t\t<div class=\"elementor-element elementor-element-b237e1b elementor-widget elementor-widget-banner\" data-id=\"b237e1b\" data-element_type=\"widget\" data-e-type=\"widget\" data-settings=\"{&quot;use_default_tags&quot;:&quot;no&quot;}\" data-widget_type=\"banner.default\">\n\t\t\t\t<div class=\"elementor-widget-container\">\n\t\t\t\t\t        <div id=\"banner-4635\" class=\"banner  cursor-pointer banner-type-2 et_image-with-hover et_image-hover-2 with-diagonal valign-bottom font-style-dark\" onclick=\"window.location='https:\/\/berryshka.com\/izdelki\/whiskey\/'\">\n\n\t\t\t\n\t\t\t\t<img decoding=\"async\" src=\"https:\/\/berryshka.com\/wp-content\/uploads\/2021\/01\/Berryshka-preloader-white.gif\" data-src=\"https:\/\/berryshka.com\/wp-content\/uploads\/elementor\/thumbs\/whiskey-posvoji-sodcek-intro-p63bri3estdyv15603qkfr6dnw7k8tmq0zxb4f4yvc.jpg\" title=\"whiskey posvoji sodcek intro berryshka\" alt=\"whiskey posvoji sodcek intro berryshka\" class=\"elementor-animation-  lazyload lazyload-simple et-lazyload-fadeIn\" loading=\"lazy\" \/>                <div class=\"banner-content \">\n\n\t\t\t\t\t<h2 class=\"banner-title \"><span>WHISKEY<\/span><\/h2>                    <div class=\"content-inner\">\n\n\t\t\t\t\t\t\n                    <\/div>\n\t\t\t\t\t        <\/div>\n\n\t\t        <\/div>\n\n\t\t\t\t\t\t<\/div>\n\t\t\t\t<\/div>\n\t\t\t\t\t<\/div>\n\t\t<\/div>\n\t\t\t\t\t<\/div>\n\t\t<\/section>\n\t\t\t\t<section class=\"elementor-section elementor-top-section elementor-element elementor-element-1683b14 elementor-section-full_width elementor-section-stretched elementor-section-height-default elementor-section-height-default\" data-id=\"1683b14\" data-element_type=\"section\" data-e-type=\"section\" data-settings=\"{&quot;stretch_section&quot;:&quot;section-stretched&quot;}\">\n\t\t\t\t\t\t<div class=\"elementor-container elementor-column-gap-default\">\n\t\t\t\t\t<div class=\"elementor-column elementor-col-25 elementor-top-column elementor-element elementor-element-d87cae7\" data-id=\"d87cae7\" data-element_type=\"column\" data-e-type=\"column\">\n\t\t\t<div class=\"elementor-widget-wrap elementor-element-populated\">\n\t\t\t\t\t\t<div class=\"elementor-element elementor-element-19f537d1 elementor-widget elementor-widget-banner\" data-id=\"19f537d1\" data-element_type=\"widget\" data-e-type=\"widget\" data-settings=\"{&quot;use_default_tags&quot;:&quot;no&quot;}\" data-widget_type=\"banner.default\">\n\t\t\t\t<div class=\"elementor-widget-container\">\n\t\t\t\t\t        <div id=\"banner-4223\" class=\"banner  cursor-pointer banner-type-2 et_image-with-hover et_image-hover-2 with-diagonal valign-bottom font-style-dark\" onclick=\"window.location='https:\/\/berryshka.com\/izdelki\/likerji\/'\">\n\n\t\t\t\n\t\t\t\t<img decoding=\"async\" src=\"https:\/\/berryshka.com\/wp-content\/uploads\/2021\/01\/Berryshka-preloader-white.gif\" data-src=\"https:\/\/berryshka.com\/wp-content\/uploads\/elementor\/thumbs\/BERRYSHKA_likerji-p63brh5klzcojf6j5lbxv9ex2ic714izov9tn56d1k.jpg\" title=\"BERRYSHKA_likerji\" alt=\"BERRYSHKA_likerji\" class=\"elementor-animation-  lazyload lazyload-simple et-lazyload-fadeIn\" loading=\"lazy\" \/>                <div class=\"banner-content \">\n\n\t\t\t\t\t<h2 class=\"banner-title \"><span>LIQUEURS<\/span><\/h2>                    <div class=\"content-inner\">\n\n\t\t\t\t\t\t\n                    <\/div>\n\t\t\t\t\t        <\/div>\n\n\t\t        <\/div>\n\n\t\t\t\t\t\t<\/div>\n\t\t\t\t<\/div>\n\t\t\t\t\t<\/div>\n\t\t<\/div>\n\t\t\t\t<div class=\"elementor-column elementor-col-25 elementor-top-column elementor-element elementor-element-a0b2ccb\" data-id=\"a0b2ccb\" data-element_type=\"column\" data-e-type=\"column\">\n\t\t\t<div class=\"elementor-widget-wrap elementor-element-populated\">\n\t\t\t\t\t\t<div class=\"elementor-element elementor-element-88ef98a elementor-widget elementor-widget-banner\" data-id=\"88ef98a\" data-element_type=\"widget\" data-e-type=\"widget\" data-settings=\"{&quot;use_default_tags&quot;:&quot;no&quot;}\" data-widget_type=\"banner.default\">\n\t\t\t\t<div class=\"elementor-widget-container\">\n\t\t\t\t\t        <div id=\"banner-5384\" class=\"banner  cursor-pointer banner-type-2 et_image-with-hover et_image-hover-2 with-diagonal valign-bottom font-style-dark\" onclick=\"window.location='https:\/\/berryshka.com\/izdelki\/brinje\/'\">\n\n\t\t\t\n\t\t\t\t<img decoding=\"async\" src=\"https:\/\/berryshka.com\/wp-content\/uploads\/2021\/01\/Berryshka-preloader-white.gif\" data-src=\"https:\/\/berryshka.com\/wp-content\/uploads\/elementor\/thumbs\/Brinje-intro-p63bri3estdyv15603qkfr6dnw7k8tmq0zxb4f4yvc.jpg\" title=\"Brinje intro\" alt=\"Brinje intro\" class=\"elementor-animation-  lazyload lazyload-simple et-lazyload-fadeIn\" loading=\"lazy\" \/>                <div class=\"banner-content \">\n\n\t\t\t\t\t<h2 class=\"banner-title \"><span>JUNIPER<\/span><\/h2>                    <div class=\"content-inner\">\n\n\t\t\t\t\t\t\n                    <\/div>\n\t\t\t\t\t        <\/div>\n\n\t\t        <\/div>\n\n\t\t\t\t\t\t<\/div>\n\t\t\t\t<\/div>\n\t\t\t\t\t<\/div>\n\t\t<\/div>\n\t\t\t\t<div class=\"elementor-column elementor-col-25 elementor-top-column elementor-element elementor-element-832099f\" data-id=\"832099f\" data-element_type=\"column\" data-e-type=\"column\">\n\t\t\t<div class=\"elementor-widget-wrap elementor-element-populated\">\n\t\t\t\t\t\t<div class=\"elementor-element elementor-element-235ad49 elementor-widget elementor-widget-banner\" data-id=\"235ad49\" data-element_type=\"widget\" data-e-type=\"widget\" data-settings=\"{&quot;use_default_tags&quot;:&quot;no&quot;}\" data-widget_type=\"banner.default\">\n\t\t\t\t<div class=\"elementor-widget-container\">\n\t\t\t\t\t        <div id=\"banner-1467\" class=\"banner  cursor-pointer banner-type-2 et_image-with-hover et_image-hover-2 with-diagonal valign-bottom font-style-dark\" onclick=\"window.location='https:\/\/berryshka.com\/chocolate-products\/'\">\n\n\t\t\t\n\t\t\t\t<img decoding=\"async\" src=\"https:\/\/berryshka.com\/wp-content\/uploads\/2021\/01\/Berryshka-preloader-white.gif\" data-src=\"https:\/\/berryshka.com\/wp-content\/uploads\/elementor\/thumbs\/BERRYSHKA_cokoladnica_MLECNA-COKOLADA-LESNIKOVA-KREMA_120g-TABLICA-p63brh5klzcojf6j5lbxv9ex2ic714izov9tn56d1k.jpg\" title=\"BERRYSHKA_\u010dokoladnica_MLE\u010cNA-\u010cOKOLADA-LE\u0160NIKOVA-KREMA_120g TABLICA\" alt=\"BERRYSHKA_\u010dokoladnica_MLE\u010cNA-\u010cOKOLADA-LE\u0160NIKOVA-KREMA_120g TABLICA\" class=\"elementor-animation-  lazyload lazyload-simple et-lazyload-fadeIn\" loading=\"lazy\" \/>                <div class=\"banner-content \">\n\n\t\t\t\t\t<h2 class=\"banner-title \"><span>CHOCOLATE PRODUCTS<\/span><\/h2>                    <div class=\"content-inner\">\n\n\t\t\t\t\t\t\n                    <\/div>\n\t\t\t\t\t        <\/div>\n\n\t\t        <\/div>\n\n\t\t\t\t\t\t<\/div>\n\t\t\t\t<\/div>\n\t\t\t\t\t<\/div>\n\t\t<\/div>\n\t\t\t\t<div class=\"elementor-column elementor-col-25 elementor-top-column elementor-element elementor-element-edefb3b\" data-id=\"edefb3b\" data-element_type=\"column\" data-e-type=\"column\">\n\t\t\t<div class=\"elementor-widget-wrap elementor-element-populated\">\n\t\t\t\t\t\t<div class=\"elementor-element elementor-element-2f86276 elementor-widget elementor-widget-banner\" data-id=\"2f86276\" data-element_type=\"widget\" data-e-type=\"widget\" data-settings=\"{&quot;use_default_tags&quot;:&quot;no&quot;}\" data-widget_type=\"banner.default\">\n\t\t\t\t<div class=\"elementor-widget-container\">\n\t\t\t\t\t        <div id=\"banner-3582\" class=\"banner  cursor-pointer banner-type-2 et_image-with-hover et_image-hover-2 with-diagonal valign-bottom font-style-dark\" onclick=\"window.location='https:\/\/berryshka.com\/gift-program\/'\">\n\n\t\t\t\n\t\t\t\t<img decoding=\"async\" src=\"https:\/\/berryshka.com\/wp-content\/uploads\/2021\/01\/Berryshka-preloader-white.gif\" data-src=\"https:\/\/berryshka.com\/wp-content\/uploads\/elementor\/thumbs\/BERRYSHKA_zganje_SET-MINIATURK-BAR_4-p63bri3estdyv15603qkfr6dnw7k8tmq0zxb4f4yvc.jpg\" title=\"BERRYSHKA_\u017eganje_SET-MINIATURK-BAR_4\" alt=\"BERRYSHKA_\u017eganje_SET-MINIATURK-BAR_4\" class=\"elementor-animation-  lazyload lazyload-simple et-lazyload-fadeIn\" loading=\"lazy\" \/>                <div class=\"banner-content \">\n\n\t\t\t\t\t<h2 class=\"banner-title \"><span>GIFT PROGRAM<\/span><\/h2>                    <div class=\"content-inner\">\n\n\t\t\t\t\t\t\n                    <\/div>\n\t\t\t\t\t        <\/div>\n\n\t\t        <\/div>\n\n\t\t\t\t\t\t<\/div>\n\t\t\t\t<\/div>\n\t\t\t\t\t<\/div>\n\t\t<\/div>\n\t\t\t\t\t<\/div>\n\t\t<\/section>\n\t\t\t\t<section class=\"elementor-section elementor-top-section elementor-element elementor-element-7ea0fcc elementor-section-full_width elementor-section-stretched elementor-section-height-default elementor-section-height-default\" data-id=\"7ea0fcc\" data-element_type=\"section\" data-e-type=\"section\" data-settings=\"{&quot;stretch_section&quot;:&quot;section-stretched&quot;}\">\n\t\t\t\t\t\t<div class=\"elementor-container elementor-column-gap-default\">\n\t\t\t\t\t<div class=\"elementor-column elementor-col-25 elementor-top-column elementor-element elementor-element-da15164\" data-id=\"da15164\" data-element_type=\"column\" data-e-type=\"column\">\n\t\t\t<div class=\"elementor-widget-wrap elementor-element-populated\">\n\t\t\t\t\t\t<div class=\"elementor-element elementor-element-0903c25 elementor-widget elementor-widget-banner\" data-id=\"0903c25\" data-element_type=\"widget\" data-e-type=\"widget\" data-settings=\"{&quot;use_default_tags&quot;:&quot;no&quot;}\" data-widget_type=\"banner.default\">\n\t\t\t\t<div class=\"elementor-widget-container\">\n\t\t\t\t\t        <div id=\"banner-6823\" class=\"banner  cursor-pointer banner-type-2 et_image-with-hover et_image-hover-2 with-diagonal valign-bottom font-style-dark\" onclick=\"window.location='https:\/\/berryshka.com\/jozes-corner\/'\">\n\n\t\t\t\n\t\t\t\t<img decoding=\"async\" src=\"https:\/\/berryshka.com\/wp-content\/uploads\/2021\/01\/Berryshka-preloader-white.gif\" data-src=\"https:\/\/berryshka.com\/wp-content\/uploads\/elementor\/thumbs\/JOZETOV-KOTICEK_cvetlicni-med-p63bri3estdyv15603qkfr6dnw7k8tmq0zxb4f4yvc.jpg\" title=\"JO\u017dETOV-KOTI\u010cEK_cvetli\u010dni-med\" alt=\"JO\u017dETOV-KOTI\u010cEK_cvetli\u010dni-med\" class=\"elementor-animation-  lazyload lazyload-simple et-lazyload-fadeIn\" loading=\"lazy\" \/>                <div class=\"banner-content \">\n\n\t\t\t\t\t<h2 class=\"banner-title \"><span>JO\u017dE&#039;S CORNER<\/span><\/h2>                    <div class=\"content-inner\">\n\n\t\t\t\t\t\t\n                    <\/div>\n\t\t\t\t\t        <\/div>\n\n\t\t        <\/div>\n\n\t\t\t\t\t\t<\/div>\n\t\t\t\t<\/div>\n\t\t\t\t\t<\/div>\n\t\t<\/div>\n\t\t\t\t<div class=\"elementor-column elementor-col-25 elementor-top-column elementor-element elementor-element-8f8b21f\" data-id=\"8f8b21f\" data-element_type=\"column\" data-e-type=\"column\">\n\t\t\t<div class=\"elementor-widget-wrap elementor-element-populated\">\n\t\t\t\t\t\t<div class=\"elementor-element elementor-element-72a332f elementor-widget elementor-widget-banner\" data-id=\"72a332f\" data-element_type=\"widget\" data-e-type=\"widget\" data-settings=\"{&quot;use_default_tags&quot;:&quot;no&quot;}\" data-widget_type=\"banner.default\">\n\t\t\t\t<div class=\"elementor-widget-container\">\n\t\t\t\t\t        <div id=\"banner-2788\" class=\"banner  cursor-pointer banner-type-2 et_image-with-hover et_image-hover-2 with-diagonal valign-bottom font-style-dark\" onclick=\"window.location='https:\/\/berryshka.com\/essential-oils\/'\">\n\n\t\t\t\n\t\t\t\t<img decoding=\"async\" src=\"https:\/\/berryshka.com\/wp-content\/uploads\/2021\/01\/Berryshka-preloader-white.gif\" data-src=\"https:\/\/berryshka.com\/wp-content\/uploads\/elementor\/thumbs\/BERRYSHKA_etericna-olja_TIMIJAN_10ml-p63brh5klzcojf6j5lbxv9ex2ic714izov9tn56d1k.jpg\" title=\"BERRYSHKA_etericna-olja_TIMIJAN_10ml\" alt=\"BERRYSHKA_etericna-olja_TIMIJAN_10ml\" class=\"elementor-animation-  lazyload lazyload-simple et-lazyload-fadeIn\" loading=\"lazy\" \/>                <div class=\"banner-content \">\n\n\t\t\t\t\t<h2 class=\"banner-title \"><span>BF ESSENTIAL OILS<\/span><\/h2>                    <div class=\"content-inner\">\n\n\t\t\t\t\t\t\n                    <\/div>\n\t\t\t\t\t        <\/div>\n\n\t\t        <\/div>\n\n\t\t\t\t\t\t<\/div>\n\t\t\t\t<\/div>\n\t\t\t\t\t<\/div>\n\t\t<\/div>\n\t\t\t\t<div class=\"elementor-column elementor-col-25 elementor-top-column elementor-element elementor-element-eae7810\" data-id=\"eae7810\" data-element_type=\"column\" data-e-type=\"column\">\n\t\t\t<div class=\"elementor-widget-wrap elementor-element-populated\">\n\t\t\t\t\t\t<div class=\"elementor-element elementor-element-47302d3 elementor-widget elementor-widget-banner\" data-id=\"47302d3\" data-element_type=\"widget\" data-e-type=\"widget\" data-settings=\"{&quot;use_default_tags&quot;:&quot;no&quot;}\" data-widget_type=\"banner.default\">\n\t\t\t\t<div class=\"elementor-widget-container\">\n\t\t\t\t\t        <div id=\"banner-2127\" class=\"banner  cursor-pointer banner-type-2 et_image-with-hover et_image-hover-2 with-diagonal valign-bottom font-style-dark\" onclick=\"window.location='https:\/\/berryshka.com\/disinfectants\/'\">\n\n\t\t\t\n\t\t\t\t<img decoding=\"async\" src=\"https:\/\/berryshka.com\/wp-content\/uploads\/2021\/01\/Berryshka-preloader-white.gif\" data-src=\"https:\/\/berryshka.com\/wp-content\/uploads\/elementor\/thumbs\/BERRYSHKA_razkuzilo-za-roke-domace-z-etericnim-oljem_100ml-p63bri3estdyv15603qkfr6dnw7k8tmq0zxb4f4yvc.jpg\" title=\"BERRYSHKA_razku\u017eilo-za-roke-doma\u010de-z-eteri\u010dnim-oljem_100ml\" alt=\"BERRYSHKA_razku\u017eilo-za-roke-doma\u010de-z-eteri\u010dnim-oljem_100ml\" class=\"elementor-animation-  lazyload lazyload-simple et-lazyload-fadeIn\" loading=\"lazy\" \/>                <div class=\"banner-content \">\n\n\t\t\t\t\t<h2 class=\"banner-title \"><span>BF DISINFECTANTS<\/span><\/h2>                    <div class=\"content-inner\">\n\n\t\t\t\t\t\t\n                    <\/div>\n\t\t\t\t\t        <\/div>\n\n\t\t        <\/div>\n\n\t\t\t\t\t\t<\/div>\n\t\t\t\t<\/div>\n\t\t\t\t\t<\/div>\n\t\t<\/div>\n\t\t\t\t<div class=\"elementor-column elementor-col-25 elementor-top-column elementor-element elementor-element-5ee9f41\" data-id=\"5ee9f41\" data-element_type=\"column\" data-e-type=\"column\">\n\t\t\t<div class=\"elementor-widget-wrap elementor-element-populated\">\n\t\t\t\t\t\t<div class=\"elementor-element elementor-element-ffbc417 elementor-widget elementor-widget-banner\" data-id=\"ffbc417\" data-element_type=\"widget\" data-e-type=\"widget\" data-settings=\"{&quot;use_default_tags&quot;:&quot;no&quot;}\" data-widget_type=\"banner.default\">\n\t\t\t\t<div class=\"elementor-widget-container\">\n\t\t\t\t\t        <div id=\"banner-1859\" class=\"banner  cursor-pointer banner-type-2 et_image-with-hover et_image-hover-2 with-diagonal valign-bottom font-style-dark\" onclick=\"window.location='https:\/\/berryshka.com\/promotional-material\/'\">\n\n\t\t\t\n\t\t\t\t<img decoding=\"async\" src=\"https:\/\/berryshka.com\/wp-content\/uploads\/2021\/01\/Berryshka-preloader-white.gif\" data-src=\"https:\/\/berryshka.com\/wp-content\/uploads\/elementor\/thumbs\/brisaca-z-logotipom-p63bri3estdyv15603qkfr6dnw7k8tmq0zxb4f4yvc.jpg\" title=\"brisaca z logotipom berryshka\" alt=\"brisaca z logotipom berryshka\" class=\"elementor-animation-  lazyload lazyload-simple et-lazyload-fadeIn\" loading=\"lazy\" \/>                <div class=\"banner-content \">\n\n\t\t\t\t\t<h2 class=\"banner-title \"><span>PROMOTIONAL MATERIAL<\/span><\/h2>                    <div class=\"content-inner\">\n\n\t\t\t\t\t\t\n                    <\/div>\n\t\t\t\t\t        <\/div>\n\n\t\t        <\/div>\n\n\t\t\t\t\t\t<\/div>\n\t\t\t\t<\/div>\n\t\t\t\t\t<\/div>\n\t\t<\/div>\n\t\t\t\t\t<\/div>\n\t\t<\/section>\n\t\t\t\t<\/div>\n\t\t","protected":false},"excerpt":{"rendered":"<p>Berryshka products Berryshka drinks are distinguished by many awards of internationally recognised quality, from bronze to gold awards, awarded by the largest internationally recognised competitions, such as the International Wine and Spirit Competition (IWSC) London, World Competition (WSC) San Francisco, World Spirits Award by Wolfram Ortner (WSA) Bad Kleinkirchheim, Hong Kong International Wine and Spirit Competition (HKIWSC), and USA Spirits Ratings San Francisco. GIN JUNIPER BRANDIES WHISKEY LIQUEURS JUNIPER CHOCOLATE PRODUCTS GIFT PROGRAM JO\u017dE&#039;S CORNER BF ESSENTIAL OILS BF DISINFECTANTS PROMOTIONAL MATERIAL<\/p>\n","protected":false},"author":1,"featured_media":0,"parent":0,"menu_order":0,"comment_status":"closed","ping_status":"closed","template":"","meta":{"_acf_changed":false,"_seopress_robots_primary_cat":"","_seopress_titles_title":"","_seopress_titles_desc":"","_seopress_robots_index":"","footnotes":""},"class_list":["post-8139","page","type-page","status-publish","hentry"],"acf":[],"_links":{"self":[{"href":"https:\/\/berryshka.com\/en\/wp-json\/wp\/v2\/pages\/8139","targetHints":{"allow":["GET"]}}],"collection":[{"href":"https:\/\/berryshka.com\/en\/wp-json\/wp\/v2\/pages"}],"about":[{"href":"https:\/\/berryshka.com\/en\/wp-json\/wp\/v2\/types\/page"}],"author":[{"embeddable":true,"href":"https:\/\/berryshka.com\/en\/wp-json\/wp\/v2\/users\/1"}],"replies":[{"embeddable":true,"href":"https:\/\/berryshka.com\/en\/wp-json\/wp\/v2\/comments?post=8139"}],"version-history":[{"count":1,"href":"https:\/\/berryshka.com\/en\/wp-json\/wp\/v2\/pages\/8139\/revisions"}],"predecessor-version":[{"id":8140,"href":"https:\/\/berryshka.com\/en\/wp-json\/wp\/v2\/pages\/8139\/revisions\/8140"}],"wp:attachment":[{"href":"https:\/\/berryshka.com\/en\/wp-json\/wp\/v2\/media?parent=8139"}],"curies":[{"name":"wp","href":"https:\/\/api.w.org\/{rel}","templated":true}]}}