{"id":8423,"date":"2021-03-30T11:32:13","date_gmt":"2022-10-06T06:15:07","guid":{"rendered":"https:\/\/berryshka.com\/unkategorisiert\/aetherisches-oel-baldrian-10-ml\/"},"modified":"2022-10-06T08:15:07","modified_gmt":"2022-10-06T06:15:07","slug":"atherisches-ol-baldrian-10-ml","status":"publish","type":"product","link":"https:\/\/berryshka.com\/de\/atherische-ole\/atherisches-ol-baldrian-10-ml\/","title":{"rendered":"\u00c4therisches \u00d6l Baldrian 10\u00a0ml"},"content":{"rendered":"<p>Baldrian ist eine bekannte Heilpflanze mit winzigen rosa oder wei\u00dfen Bl\u00fcten, einem einzelnen und hohlen St\u00e4ngel und seltenen, gegenst\u00e4ndig und ungleichm\u00e4\u00dfig gefiederten Bl\u00e4ttern. Der n\u00fctzliche Teil der Pflanze ist ihr starkes Rhizom, aus dem auch \u00e4therisches \u00d6l gewonnen wird.<\/p>\n<p>Das \u00e4therische \u00f6l der Baldrianwurzeln wird durch Wasserdampfdestillation gewonnen. Es wird haupts\u00e4chlich bei Problemen mit Schlaflosigkeit und zur Beseitigung von Stress und Angstgef\u00fchlen eingesetzt. Der Geruch ist etwas ganz Besonderes, so dass der Einzelne ihn sehr oder gar nicht mag.<\/p>\n<p>10\u00a0ml \u00e4therisches \u00d6l sind in einer sch\u00f6nen Verpackung aus Myronglas abgef\u00fcllt, die das \u00d6l lange vor sch\u00e4dlichem Sonnenlicht sch\u00fctzt. Im inneren ist nur ein unsichtbares Sonnenlichtspektrum zugelassen, wodurch die Molekularstruktur des \u00d6ls erhalten bleibt.<\/p>\n<p><strong>Warnung:<\/strong> Das \u00e4therische \u00d6l sollte nicht als Ersatz f\u00fcr eine Behandlung oder Medikamente verwendet werden. \u00d6le k\u00f6nnen nur bei der Behandlung eines bestimmten Zustands helfen. Konsultieren Sie vor jeder Behandlung mit \u00e4therischen \u00d6len zuerst Ihren Arzt. Verwenden Sie das Produkt verantwortungsvoll.<\/p>\n","protected":false},"excerpt":{"rendered":"<p><strong>F\u00fcr gute Gedanken und ruhigen Schlaf.<br \/>\n<\/strong>(Valeriana officinalis)<\/p>\n","protected":false},"featured_media":7210,"comment_status":"open","ping_status":"closed","template":"","meta":{"_acf_changed":false,"_seopress_robots_primary_cat":"","_seopress_titles_title":"","_seopress_titles_desc":"","_seopress_robots_index":""},"product_brand":[],"product_cat":[78],"product_tag":[],"class_list":{"0":"post-8423","1":"product","2":"type-product","3":"status-publish","4":"has-post-thumbnail","6":"product_cat-atherische-ole","8":"first","9":"instock","10":"taxable","11":"shipping-taxable","12":"purchasable","13":"product-type-simple"},"acf":[],"etheme_brands":{"errors":{"invalid_taxonomy":["Die Taxonomie ist ung\u00fcltig."]},"error_data":[]},"_links":{"self":[{"href":"https:\/\/berryshka.com\/de\/wp-json\/wp\/v2\/product\/8423","targetHints":{"allow":["GET"]}}],"collection":[{"href":"https:\/\/berryshka.com\/de\/wp-json\/wp\/v2\/product"}],"about":[{"href":"https:\/\/berryshka.com\/de\/wp-json\/wp\/v2\/types\/product"}],"replies":[{"embeddable":true,"href":"https:\/\/berryshka.com\/de\/wp-json\/wp\/v2\/comments?post=8423"}],"wp:featuredmedia":[{"embeddable":true,"href":"https:\/\/berryshka.com\/de\/wp-json\/wp\/v2\/media\/7210"}],"wp:attachment":[{"href":"https:\/\/berryshka.com\/de\/wp-json\/wp\/v2\/media?parent=8423"}],"wp:term":[{"taxonomy":"product_brand","embeddable":true,"href":"https:\/\/berryshka.com\/de\/wp-json\/wp\/v2\/product_brand?post=8423"},{"taxonomy":"product_cat","embeddable":true,"href":"https:\/\/berryshka.com\/de\/wp-json\/wp\/v2\/product_cat?post=8423"},{"taxonomy":"product_tag","embeddable":true,"href":"https:\/\/berryshka.com\/de\/wp-json\/wp\/v2\/product_tag?post=8423"}],"curies":[{"name":"wp","href":"https:\/\/api.w.org\/{rel}","templated":true}]}}