{"id":8403,"date":"2021-03-30T10:50:57","date_gmt":"2022-10-06T06:15:05","guid":{"rendered":"https:\/\/berryshka.com\/unkategorisiert\/schokoladenglaeser-210-g\/"},"modified":"2022-10-06T08:15:05","modified_gmt":"2022-10-06T06:15:05","slug":"schokoladenglaser-210-g","status":"publish","type":"product","link":"https:\/\/berryshka.com\/de\/geschenkprogramm\/schokoladenglaser-210-g\/","title":{"rendered":"Schokoladengl\u00e4ser 210\u00a0g"},"content":{"rendered":"<p>Ein raffiniertes Paket handgefertigter Schokoladengl\u00e4ser aus bestem Kakao, in erstklassiger Qualit\u00e4t f\u00fcr Sie oder Ihre Liebsten.<\/p>\n<p>Erstellen Sie eine einzigartige Schokoladenparty und \u00fcberraschen Sie mit Ihrer Originalit\u00e4t!<\/p>\n","protected":false},"excerpt":{"rendered":"<p><strong>Ein verspieltes Paket f\u00fcr unvergessliche Partys.<\/strong><\/p>\n","protected":false},"featured_media":7294,"comment_status":"open","ping_status":"closed","template":"","meta":{"_acf_changed":false,"_seopress_robots_primary_cat":"ohne","_seopress_titles_title":"","_seopress_titles_desc":"","_seopress_robots_index":""},"product_brand":[],"product_cat":[83,85],"product_tag":[],"class_list":{"0":"post-8403","1":"product","2":"type-product","3":"status-publish","4":"has-post-thumbnail","6":"product_cat-geschenkprogramm","7":"product_cat-schokoladenprodukte","9":"first","10":"instock","11":"taxable","12":"shipping-taxable","13":"purchasable","14":"product-type-simple"},"acf":[],"etheme_brands":{"errors":{"invalid_taxonomy":["Die Taxonomie ist ung\u00fcltig."]},"error_data":[]},"_links":{"self":[{"href":"https:\/\/berryshka.com\/de\/wp-json\/wp\/v2\/product\/8403","targetHints":{"allow":["GET"]}}],"collection":[{"href":"https:\/\/berryshka.com\/de\/wp-json\/wp\/v2\/product"}],"about":[{"href":"https:\/\/berryshka.com\/de\/wp-json\/wp\/v2\/types\/product"}],"replies":[{"embeddable":true,"href":"https:\/\/berryshka.com\/de\/wp-json\/wp\/v2\/comments?post=8403"}],"wp:featuredmedia":[{"embeddable":true,"href":"https:\/\/berryshka.com\/de\/wp-json\/wp\/v2\/media\/7294"}],"wp:attachment":[{"href":"https:\/\/berryshka.com\/de\/wp-json\/wp\/v2\/media?parent=8403"}],"wp:term":[{"taxonomy":"product_brand","embeddable":true,"href":"https:\/\/berryshka.com\/de\/wp-json\/wp\/v2\/product_brand?post=8403"},{"taxonomy":"product_cat","embeddable":true,"href":"https:\/\/berryshka.com\/de\/wp-json\/wp\/v2\/product_cat?post=8403"},{"taxonomy":"product_tag","embeddable":true,"href":"https:\/\/berryshka.com\/de\/wp-json\/wp\/v2\/product_tag?post=8403"}],"curies":[{"name":"wp","href":"https:\/\/api.w.org\/{rel}","templated":true}]}}