{"id":8385,"date":"2021-03-30T10:27:05","date_gmt":"2022-10-06T06:15:04","guid":{"rendered":"https:\/\/berryshka.com\/unkategorisiert\/schokokugeln-160-g\/"},"modified":"2022-10-06T08:15:04","modified_gmt":"2022-10-06T06:15:04","slug":"schokokugeln-160g","status":"publish","type":"product","link":"https:\/\/berryshka.com\/de\/geschenkprogramm\/schokokugeln-160g\/","title":{"rendered":"Schokokugeln 160\u00a0g"},"content":{"rendered":"<p>Handgemachte Berryshka-Schokokugeln sind inspiriert vom unvergesslichen Geschmack von Milchschokolade aus der Dominikanischen Republik und einer einzigartigen F\u00fcllung aus Berryshka-Blaubeerlik\u00f6r.<\/p>\n<p>Verw\u00f6hnen Sie Ihren Gaumen auf raffinierteste Weise.<\/p>\n","protected":false},"excerpt":{"rendered":"<p><strong>Bezaubernde s\u00fc\u00dfe K\u00f6stlichkeiten mit einem Hauch barocker Eleganz.<\/strong><\/p>\n","protected":false},"featured_media":7201,"comment_status":"open","ping_status":"closed","template":"","meta":{"_acf_changed":false,"_seopress_robots_primary_cat":"ohne","_seopress_titles_title":"","_seopress_titles_desc":"","_seopress_robots_index":""},"product_brand":[],"product_cat":[83,85],"product_tag":[],"class_list":{"0":"post-8385","1":"product","2":"type-product","3":"status-publish","4":"has-post-thumbnail","6":"product_cat-geschenkprogramm","7":"product_cat-schokoladenprodukte","9":"first","10":"instock","11":"taxable","12":"shipping-taxable","13":"purchasable","14":"product-type-simple"},"acf":[],"etheme_brands":{"errors":{"invalid_taxonomy":["Die Taxonomie ist ung\u00fcltig."]},"error_data":[]},"_links":{"self":[{"href":"https:\/\/berryshka.com\/de\/wp-json\/wp\/v2\/product\/8385","targetHints":{"allow":["GET"]}}],"collection":[{"href":"https:\/\/berryshka.com\/de\/wp-json\/wp\/v2\/product"}],"about":[{"href":"https:\/\/berryshka.com\/de\/wp-json\/wp\/v2\/types\/product"}],"replies":[{"embeddable":true,"href":"https:\/\/berryshka.com\/de\/wp-json\/wp\/v2\/comments?post=8385"}],"wp:featuredmedia":[{"embeddable":true,"href":"https:\/\/berryshka.com\/de\/wp-json\/wp\/v2\/media\/7201"}],"wp:attachment":[{"href":"https:\/\/berryshka.com\/de\/wp-json\/wp\/v2\/media?parent=8385"}],"wp:term":[{"taxonomy":"product_brand","embeddable":true,"href":"https:\/\/berryshka.com\/de\/wp-json\/wp\/v2\/product_brand?post=8385"},{"taxonomy":"product_cat","embeddable":true,"href":"https:\/\/berryshka.com\/de\/wp-json\/wp\/v2\/product_cat?post=8385"},{"taxonomy":"product_tag","embeddable":true,"href":"https:\/\/berryshka.com\/de\/wp-json\/wp\/v2\/product_tag?post=8385"}],"curies":[{"name":"wp","href":"https:\/\/api.w.org\/{rel}","templated":true}]}}