{"id":8271,"date":"2021-03-31T11:01:19","date_gmt":"2022-10-06T06:14:37","guid":{"rendered":"https:\/\/berryshka.com\/unkategorisiert\/steinglaeschen\/"},"modified":"2022-10-06T08:14:37","modified_gmt":"2022-10-06T06:14:37","slug":"steinglaschen","status":"publish","type":"product","link":"https:\/\/berryshka.com\/de\/geschenkprogramm\/steinglaschen\/","title":{"rendered":"Steingl\u00e4schen"},"content":{"rendered":"<p>Gl\u00e4schen aus einem ganz besonderen Stein, mit denen Ihr Getr\u00e4nk sch\u00f6n kalt bleibt. Sein Sie kreativ und fallen Sie mit uns auf &#8211; stellen Sie das Gl\u00e4schen kurz in den Gefrierschrank, frieren Sie es gut ein und servieren Sie ihren Besuchern eine eiskalte Spirituose.<\/p>\n<p>M\u00f6ge das Getr\u00e4nk k\u00fchl und der Genuss noch l\u00e4nger sein.<\/p>\n","protected":false},"excerpt":{"rendered":"<p><strong>Steinig, eisig und fantasievoll.<\/strong><\/p>\n","protected":false},"featured_media":7253,"comment_status":"open","ping_status":"closed","template":"","meta":{"_acf_changed":false,"_seopress_robots_primary_cat":"ohne","_seopress_titles_title":"","_seopress_titles_desc":"","_seopress_robots_index":""},"product_brand":[],"product_cat":[83,82],"product_tag":[],"class_list":{"0":"post-8271","1":"product","2":"type-product","3":"status-publish","4":"has-post-thumbnail","6":"product_cat-geschenkprogramm","7":"product_cat-werbematerial","9":"first","10":"instock","11":"featured","12":"taxable","13":"shipping-taxable","14":"purchasable","15":"product-type-simple"},"acf":[],"etheme_brands":{"errors":{"invalid_taxonomy":["Die Taxonomie ist ung\u00fcltig."]},"error_data":[]},"_links":{"self":[{"href":"https:\/\/berryshka.com\/de\/wp-json\/wp\/v2\/product\/8271","targetHints":{"allow":["GET"]}}],"collection":[{"href":"https:\/\/berryshka.com\/de\/wp-json\/wp\/v2\/product"}],"about":[{"href":"https:\/\/berryshka.com\/de\/wp-json\/wp\/v2\/types\/product"}],"replies":[{"embeddable":true,"href":"https:\/\/berryshka.com\/de\/wp-json\/wp\/v2\/comments?post=8271"}],"wp:featuredmedia":[{"embeddable":true,"href":"https:\/\/berryshka.com\/de\/wp-json\/wp\/v2\/media\/7253"}],"wp:attachment":[{"href":"https:\/\/berryshka.com\/de\/wp-json\/wp\/v2\/media?parent=8271"}],"wp:term":[{"taxonomy":"product_brand","embeddable":true,"href":"https:\/\/berryshka.com\/de\/wp-json\/wp\/v2\/product_brand?post=8271"},{"taxonomy":"product_cat","embeddable":true,"href":"https:\/\/berryshka.com\/de\/wp-json\/wp\/v2\/product_cat?post=8271"},{"taxonomy":"product_tag","embeddable":true,"href":"https:\/\/berryshka.com\/de\/wp-json\/wp\/v2\/product_tag?post=8271"}],"curies":[{"name":"wp","href":"https:\/\/api.w.org\/{rel}","templated":true}]}}