{"id":8270,"date":"2021-03-31T10:59:44","date_gmt":"2022-10-06T06:14:37","guid":{"rendered":"https:\/\/berryshka.com\/unkategorisiert\/bf-handdesinfektionsmittel-200-ml\/"},"modified":"2022-10-06T08:14:37","modified_gmt":"2022-10-06T06:14:37","slug":"bf-handdesinfektionsmittel-200-ml","status":"publish","type":"product","link":"https:\/\/berryshka.com\/de\/desinfektionsmittel\/bf-handdesinfektionsmittel-200-ml\/","title":{"rendered":"BF Handdesinfektionsmittel 200\u00a0ml"},"content":{"rendered":"<p>Das BF Alkohol Handdesinfektionsmittel wird sorgf\u00e4ltig in der Berryshka Destillerie entwickelt.<\/p>\n<p>F\u00fcr einen hautpflegenden Effekt wurden dem Alkohol Glycerin und BF \u00e4therische \u00d6le von Teebaum und Eukalyptus aus eigener Herstellung zugesetzt. Die schmucke Verpackung aus Myronglas mit Spr\u00fchflasche erm\u00f6glicht eine einfache Anwendung des Desinfektionsmittels.<\/p>\n","protected":false},"excerpt":{"rendered":"<p><strong>Desinfektion und Pflege f\u00fcr deine H\u00e4nde<\/strong><\/p>\n","protected":false},"featured_media":7252,"comment_status":"open","ping_status":"closed","template":"","meta":{"_acf_changed":false,"_seopress_robots_primary_cat":"","_seopress_titles_title":"","_seopress_titles_desc":"","_seopress_robots_index":""},"product_brand":[],"product_cat":[81],"product_tag":[],"class_list":{"0":"post-8270","1":"product","2":"type-product","3":"status-publish","4":"has-post-thumbnail","6":"product_cat-desinfektionsmittel","8":"first","9":"instock","10":"featured","11":"taxable","12":"shipping-taxable","13":"purchasable","14":"product-type-simple"},"acf":[],"etheme_brands":{"errors":{"invalid_taxonomy":["Die Taxonomie ist ung\u00fcltig."]},"error_data":[]},"_links":{"self":[{"href":"https:\/\/berryshka.com\/de\/wp-json\/wp\/v2\/product\/8270","targetHints":{"allow":["GET"]}}],"collection":[{"href":"https:\/\/berryshka.com\/de\/wp-json\/wp\/v2\/product"}],"about":[{"href":"https:\/\/berryshka.com\/de\/wp-json\/wp\/v2\/types\/product"}],"replies":[{"embeddable":true,"href":"https:\/\/berryshka.com\/de\/wp-json\/wp\/v2\/comments?post=8270"}],"wp:featuredmedia":[{"embeddable":true,"href":"https:\/\/berryshka.com\/de\/wp-json\/wp\/v2\/media\/7252"}],"wp:attachment":[{"href":"https:\/\/berryshka.com\/de\/wp-json\/wp\/v2\/media?parent=8270"}],"wp:term":[{"taxonomy":"product_brand","embeddable":true,"href":"https:\/\/berryshka.com\/de\/wp-json\/wp\/v2\/product_brand?post=8270"},{"taxonomy":"product_cat","embeddable":true,"href":"https:\/\/berryshka.com\/de\/wp-json\/wp\/v2\/product_cat?post=8270"},{"taxonomy":"product_tag","embeddable":true,"href":"https:\/\/berryshka.com\/de\/wp-json\/wp\/v2\/product_tag?post=8270"}],"curies":[{"name":"wp","href":"https:\/\/api.w.org\/{rel}","templated":true}]}}