{"id":8253,"date":"2021-03-30T22:27:08","date_gmt":"2022-10-06T06:14:34","guid":{"rendered":"https:\/\/berryshka.com\/unkategorisiert\/aetherisches-oel-rosmarin-10-ml\/"},"modified":"2022-10-06T08:14:34","modified_gmt":"2022-10-06T06:14:34","slug":"atherisches-ol-rosmarin-10-ml","status":"publish","type":"product","link":"https:\/\/berryshka.com\/de\/atherische-ole\/atherisches-ol-rosmarin-10-ml\/","title":{"rendered":"\u00c4therisches \u00d6l Rosmarin 10\u00a0ml"},"content":{"rendered":"<p>Wir alle kennen den wohlriechenden immergr\u00fcnen Strauch aus dem Mittelmeerraum, dessen stark verzweigte St\u00e4ngel mit bis zu 3\u00a0cm langen,\u00a0gestreiften, ledrigen Bl\u00e4ttern viele Speisen und\u00a0Getr\u00e4nke in nahezu jeder K\u00fcche begleiten. Rosmarin verstr\u00f6mt einen angenehmen, belebenden, frischen und wilden Geruch, der unser Ged\u00e4chtnis unterst\u00fctzt, die Durchblutung, Funktionalit\u00e4t- und Gehirnkapazit\u00e4t verbessert. Sein \u00e4therisches \u00d6l wird durch Wasserdampfdestillation aus unbewaldeten \u00c4sten gewonnen.<\/p>\n<p>10\u00a0ml \u00e4therisches Rosmarin\u00f6l sind in einer sch\u00f6nen Verpackung aus Myronglas abgef\u00fcllt, die das \u00d6l lange vor sch\u00e4dlichem Sonnenlicht sch\u00fctzt. Im inneren ist nur ein unsichtbares Sonnenlichtspektrum zugelassen, wodurch die Molekularstruktur des \u00d6ls erhalten bleibt.<\/p>\n<p><strong>Warnung:<\/strong> Das \u00e4therische \u00d6l sollte nicht als Ersatz f\u00fcr eine Behandlung oder Medikamente verwendet werden. \u00d6le k\u00f6nnen nur bei der Behandlung eines bestimmten Zustands helfen. Konsultieren Sie vor jeder Behandlung mit \u00e4therischen \u00d6len zuerst Ihren Arzt. Verwenden Sie das Produkt verantwortungsvoll.<\/p>\n","protected":false},"excerpt":{"rendered":"<p><strong>F\u00fcr besseres Ged\u00e4chtnis und Gehirnleistung.<br \/>\n<\/strong>(Rosmarinus officinalis)<\/p>\n","protected":false},"featured_media":7234,"comment_status":"open","ping_status":"closed","template":"","meta":{"_acf_changed":false,"_seopress_robots_primary_cat":"","_seopress_titles_title":"","_seopress_titles_desc":"","_seopress_robots_index":""},"product_brand":[],"product_cat":[78],"product_tag":[],"class_list":{"0":"post-8253","1":"product","2":"type-product","3":"status-publish","4":"has-post-thumbnail","6":"product_cat-atherische-ole","8":"first","9":"instock","10":"taxable","11":"shipping-taxable","12":"purchasable","13":"product-type-simple"},"acf":[],"etheme_brands":{"errors":{"invalid_taxonomy":["Die Taxonomie ist ung\u00fcltig."]},"error_data":[]},"_links":{"self":[{"href":"https:\/\/berryshka.com\/de\/wp-json\/wp\/v2\/product\/8253","targetHints":{"allow":["GET"]}}],"collection":[{"href":"https:\/\/berryshka.com\/de\/wp-json\/wp\/v2\/product"}],"about":[{"href":"https:\/\/berryshka.com\/de\/wp-json\/wp\/v2\/types\/product"}],"replies":[{"embeddable":true,"href":"https:\/\/berryshka.com\/de\/wp-json\/wp\/v2\/comments?post=8253"}],"wp:featuredmedia":[{"embeddable":true,"href":"https:\/\/berryshka.com\/de\/wp-json\/wp\/v2\/media\/7234"}],"wp:attachment":[{"href":"https:\/\/berryshka.com\/de\/wp-json\/wp\/v2\/media?parent=8253"}],"wp:term":[{"taxonomy":"product_brand","embeddable":true,"href":"https:\/\/berryshka.com\/de\/wp-json\/wp\/v2\/product_brand?post=8253"},{"taxonomy":"product_cat","embeddable":true,"href":"https:\/\/berryshka.com\/de\/wp-json\/wp\/v2\/product_cat?post=8253"},{"taxonomy":"product_tag","embeddable":true,"href":"https:\/\/berryshka.com\/de\/wp-json\/wp\/v2\/product_tag?post=8253"}],"curies":[{"name":"wp","href":"https:\/\/api.w.org\/{rel}","templated":true}]}}