{"id":8243,"date":"2021-03-30T22:01:49","date_gmt":"2022-10-06T06:14:32","guid":{"rendered":"https:\/\/berryshka.com\/unkategorisiert\/aetherisches-oel-zitrone-10-ml\/"},"modified":"2022-10-06T08:14:32","modified_gmt":"2022-10-06T06:14:32","slug":"atherisches-ol-zitrone-10-ml","status":"publish","type":"product","link":"https:\/\/berryshka.com\/de\/atherische-ole\/atherisches-ol-zitrone-10-ml\/","title":{"rendered":"\u00c4therisches \u00d6l Zitrone 10\u00a0ml"},"content":{"rendered":"<p>Die Zitrone ist eine leuchtend Gelbe, s\u00e4uerliche Frucht, die urspr\u00fcnglich aus Asien stammt, aber heute auf der ganzen Welt erh\u00e4ltlich ist. Aus ihrer Schale wird das \u00e4therische \u00d6l gewonnen, das eine gro\u00dfe Wirkung auf unsere Psyche und unser Wohlbefinden hat. Der frische Zitronenduft belebt den Raum, desinfiziert die Luft, vertreibt Insekten, lindert geistige Erm\u00fcdung und hebt die Stimmung.<\/p>\n<p>10\u00a0ml \u00e4therisches \u00d6l sind in einer sch\u00f6nen Verpackung aus Myronglas abgef\u00fcllt, die das \u00d6l lange vor sch\u00e4dlichem Sonnenlicht sch\u00fctzt. Im inneren ist nur ein unsichtbares Sonnenlichtspektrum zugelassen, wodurch die Molekularstruktur des \u00d6ls erhalten bleibt.<\/p>\n<p><strong>Warnung:<\/strong> Das \u00e4therische \u00d6l sollte nicht als Ersatz f\u00fcr eine Behandlung oder Medikamente verwendet werden. \u00d6le k\u00f6nnen nur bei der Behandlung eines bestimmten Zustands helfen. Konsultieren Sie vor jeder Behandlung mit \u00e4therischen \u00d6len zuerst Ihren Arzt. Verwenden Sie das Produkt verantwortungsvoll.<\/p>\n","protected":false},"excerpt":{"rendered":"<p><strong>F\u00fcr einen gesunden Geist und Wohlbefinden.<br \/>\n<\/strong>(Citrus limon)<\/p>\n","protected":false},"featured_media":7405,"comment_status":"open","ping_status":"closed","template":"","meta":{"_acf_changed":false,"_seopress_robots_primary_cat":"","_seopress_titles_title":"","_seopress_titles_desc":"","_seopress_robots_index":""},"product_brand":[],"product_cat":[78],"product_tag":[],"class_list":{"0":"post-8243","1":"product","2":"type-product","3":"status-publish","4":"has-post-thumbnail","6":"product_cat-atherische-ole","8":"first","9":"instock","10":"taxable","11":"shipping-taxable","12":"purchasable","13":"product-type-simple"},"acf":[],"etheme_brands":{"errors":{"invalid_taxonomy":["Die Taxonomie ist ung\u00fcltig."]},"error_data":[]},"_links":{"self":[{"href":"https:\/\/berryshka.com\/de\/wp-json\/wp\/v2\/product\/8243","targetHints":{"allow":["GET"]}}],"collection":[{"href":"https:\/\/berryshka.com\/de\/wp-json\/wp\/v2\/product"}],"about":[{"href":"https:\/\/berryshka.com\/de\/wp-json\/wp\/v2\/types\/product"}],"replies":[{"embeddable":true,"href":"https:\/\/berryshka.com\/de\/wp-json\/wp\/v2\/comments?post=8243"}],"wp:featuredmedia":[{"embeddable":true,"href":"https:\/\/berryshka.com\/de\/wp-json\/wp\/v2\/media\/7405"}],"wp:attachment":[{"href":"https:\/\/berryshka.com\/de\/wp-json\/wp\/v2\/media?parent=8243"}],"wp:term":[{"taxonomy":"product_brand","embeddable":true,"href":"https:\/\/berryshka.com\/de\/wp-json\/wp\/v2\/product_brand?post=8243"},{"taxonomy":"product_cat","embeddable":true,"href":"https:\/\/berryshka.com\/de\/wp-json\/wp\/v2\/product_cat?post=8243"},{"taxonomy":"product_tag","embeddable":true,"href":"https:\/\/berryshka.com\/de\/wp-json\/wp\/v2\/product_tag?post=8243"}],"curies":[{"name":"wp","href":"https:\/\/api.w.org\/{rel}","templated":true}]}}