{"id":8242,"date":"2021-03-30T21:59:21","date_gmt":"2022-10-06T06:14:32","guid":{"rendered":"https:\/\/berryshka.com\/unkategorisiert\/aetherisches-oel-zitronengras-10-ml\/"},"modified":"2022-10-06T08:14:32","modified_gmt":"2022-10-06T06:14:32","slug":"atherisches-ol-zitronengras-10-ml","status":"publish","type":"product","link":"https:\/\/berryshka.com\/de\/atherische-ole\/atherisches-ol-zitronengras-10-ml\/","title":{"rendered":"\u00c4therisches \u00d6l Zitronengras 10\u00a0ml"},"content":{"rendered":"<p>Zitronengras ist ein hohes, schnell wachsendes aromatisches Kraut, das in den tropischen Regionen Asiens beheimatet ist. Seine Bl\u00e4tter werden bis zu 40\u00a0cm\u00a0gro\u00df und 2\u00a0cm breit. Es wird im Ayurveda seit vielen Jahren zur Fiebersenkung, zur Behandlung des Magen-Darm-Traktes, zur Vorbeugung von Infektionen, zur Linderung von Infekten und zur St\u00e4rkung des K\u00f6rpers eingesetzt. Es eignet sich auch hervorragend als nat\u00fcrliches Abwehrmittel.<\/p>\n<p>\u00c4therisches Zitronengras\u00f6l wird durch Dampfdestillation der jungen Triebe gewonnen. Das \u00d6l hat einen zitronigen und stechenden Geruch, der Insekte aus dem Raum vertreibt und eignet sich auch zur Desinfektion von K\u00fcchen, Badezimmern, B\u00f6den und Raumluft. Zitronengras gibt und Optimismus, mehr Vitalit\u00e4t und macht den Kopf frei.<\/p>\n<p>10\u00a0ml \u00e4therisches Zitronengras\u00f6l sind in einer sch\u00f6nen Verpackung aus Myronglas abgef\u00fcllt, die das \u00d6l lange vor sch\u00e4dlichem Sonnenlicht sch\u00fctzt. Im inneren ist nur ein unsichtbares Sonnenlichtspektrum zugelassen, wodurch die Molekularstruktur des \u00d6ls erhalten bleibt.<\/p>\n<p><strong>Warnung:<\/strong> Das \u00e4therische \u00d6l sollte nicht als Ersatz f\u00fcr eine Behandlung oder Medikamente verwendet werden. \u00d6le k\u00f6nnen nur bei der Behandlung eines bestimmten Zustands helfen. Konsultieren Sie vor jeder Behandlung mit \u00e4therischen \u00d6len zuerst Ihren Arzt. Verwenden Sie das Produkt verantwortungsvoll.<\/p>\n","protected":false},"excerpt":{"rendered":"<p><strong>F\u00fcr Gelassenheit, Freude und Positivit\u00e4t.<br \/>\n<\/strong>(Cymbopogon citratus)<\/p>\n","protected":false},"featured_media":7227,"comment_status":"open","ping_status":"closed","template":"","meta":{"_acf_changed":false,"_seopress_robots_primary_cat":"","_seopress_titles_title":"","_seopress_titles_desc":"","_seopress_robots_index":""},"product_brand":[],"product_cat":[78],"product_tag":[],"class_list":{"0":"post-8242","1":"product","2":"type-product","3":"status-publish","4":"has-post-thumbnail","6":"product_cat-atherische-ole","8":"first","9":"instock","10":"taxable","11":"shipping-taxable","12":"purchasable","13":"product-type-simple"},"acf":[],"etheme_brands":{"errors":{"invalid_taxonomy":["Die Taxonomie ist ung\u00fcltig."]},"error_data":[]},"_links":{"self":[{"href":"https:\/\/berryshka.com\/de\/wp-json\/wp\/v2\/product\/8242","targetHints":{"allow":["GET"]}}],"collection":[{"href":"https:\/\/berryshka.com\/de\/wp-json\/wp\/v2\/product"}],"about":[{"href":"https:\/\/berryshka.com\/de\/wp-json\/wp\/v2\/types\/product"}],"replies":[{"embeddable":true,"href":"https:\/\/berryshka.com\/de\/wp-json\/wp\/v2\/comments?post=8242"}],"wp:featuredmedia":[{"embeddable":true,"href":"https:\/\/berryshka.com\/de\/wp-json\/wp\/v2\/media\/7227"}],"wp:attachment":[{"href":"https:\/\/berryshka.com\/de\/wp-json\/wp\/v2\/media?parent=8242"}],"wp:term":[{"taxonomy":"product_brand","embeddable":true,"href":"https:\/\/berryshka.com\/de\/wp-json\/wp\/v2\/product_brand?post=8242"},{"taxonomy":"product_cat","embeddable":true,"href":"https:\/\/berryshka.com\/de\/wp-json\/wp\/v2\/product_cat?post=8242"},{"taxonomy":"product_tag","embeddable":true,"href":"https:\/\/berryshka.com\/de\/wp-json\/wp\/v2\/product_tag?post=8242"}],"curies":[{"name":"wp","href":"https:\/\/api.w.org\/{rel}","templated":true}]}}