{"id":8234,"date":"2021-03-30T21:38:43","date_gmt":"2022-10-06T06:14:31","guid":{"rendered":"https:\/\/berryshka.com\/unkategorisiert\/aetherisches-oel-eukalyptus-10-ml\/"},"modified":"2022-10-06T08:14:31","modified_gmt":"2022-10-06T06:14:31","slug":"atherisches-ol-eukalyptus-10-ml","status":"publish","type":"product","link":"https:\/\/berryshka.com\/de\/atherische-ole\/atherisches-ol-eukalyptus-10-ml\/","title":{"rendered":"\u00c4therisches \u00d6l Eukalyptus 10\u00a0ml"},"content":{"rendered":"<p>\u00c4therisches Eukalyptus\u00f6l wird aus den Bl\u00e4ttern des Eukalyptusbaums\u00a0gewonnen, der aus Australien stammt und mit einer H\u00f6he von bis zu 70 Metern einer der h\u00f6chsten B\u00e4ume der Welt ist. Die blau-gr\u00fcn-gr\u00fcnen Bl\u00e4tter sind bis zu 30\u00a0cm lang und reich an \u00e4therischem \u00d6l.<\/p>\n<p>Eukalyptus eignet sich sehr gut zur Desinfektion von Luft und Oberfl\u00e4chen, da es eine Vielzahl von Bakterien zerst\u00f6rt, die Infektionskrankheiten \u00fcbertragen. Auch auf unser Wohlbefinden wirkt es sich positiv aus, da es Atembeschwerden lindert und die Konzentration f\u00f6rdert.<\/p>\n<p>10\u00a0ml \u00e4therisches Eukalyptus\u00f6l sind in einer sch\u00f6nen Verpackung aus Myronglas abgef\u00fcllt, die das \u00d6l lange vor sch\u00e4dlichem Sonnenlicht sch\u00fctzt. Im inneren ist nur ein unsichtbares Sonnenlichtspektrum zugelassen, wodurch die Molekularstruktur des \u00d6ls erhalten bleibt.<\/p>\n<p><strong>Warnung:<\/strong> Das \u00e4therische \u00d6l sollte nicht als Ersatz f\u00fcr eine Behandlung oder Medikamente verwendet werden. \u00d6le k\u00f6nnen nur bei der Behandlung eines bestimmten Zustands helfen. Konsultieren Sie vor jeder Behandlung mit \u00e4therischen \u00d6len zuerst Ihren Arzt. Verwenden Sie das Produkt verantwortungsvoll.<\/p>\n","protected":false},"excerpt":{"rendered":"<p><strong>F\u00fcr saubere Luft und Atemwege.<br \/>\n<\/strong>(Eucalyptus globulus)<\/p>\n","protected":false},"featured_media":7221,"comment_status":"open","ping_status":"closed","template":"","meta":{"_acf_changed":false,"_seopress_robots_primary_cat":"ohne","_seopress_titles_title":"","_seopress_titles_desc":"","_seopress_robots_index":""},"product_brand":[],"product_cat":[78],"product_tag":[],"class_list":{"0":"post-8234","1":"product","2":"type-product","3":"status-publish","4":"has-post-thumbnail","6":"product_cat-atherische-ole","8":"first","9":"instock","10":"taxable","11":"shipping-taxable","12":"purchasable","13":"product-type-simple"},"acf":[],"etheme_brands":{"errors":{"invalid_taxonomy":["Die Taxonomie ist ung\u00fcltig."]},"error_data":[]},"_links":{"self":[{"href":"https:\/\/berryshka.com\/de\/wp-json\/wp\/v2\/product\/8234","targetHints":{"allow":["GET"]}}],"collection":[{"href":"https:\/\/berryshka.com\/de\/wp-json\/wp\/v2\/product"}],"about":[{"href":"https:\/\/berryshka.com\/de\/wp-json\/wp\/v2\/types\/product"}],"replies":[{"embeddable":true,"href":"https:\/\/berryshka.com\/de\/wp-json\/wp\/v2\/comments?post=8234"}],"wp:featuredmedia":[{"embeddable":true,"href":"https:\/\/berryshka.com\/de\/wp-json\/wp\/v2\/media\/7221"}],"wp:attachment":[{"href":"https:\/\/berryshka.com\/de\/wp-json\/wp\/v2\/media?parent=8234"}],"wp:term":[{"taxonomy":"product_brand","embeddable":true,"href":"https:\/\/berryshka.com\/de\/wp-json\/wp\/v2\/product_brand?post=8234"},{"taxonomy":"product_cat","embeddable":true,"href":"https:\/\/berryshka.com\/de\/wp-json\/wp\/v2\/product_cat?post=8234"},{"taxonomy":"product_tag","embeddable":true,"href":"https:\/\/berryshka.com\/de\/wp-json\/wp\/v2\/product_tag?post=8234"}],"curies":[{"name":"wp","href":"https:\/\/api.w.org\/{rel}","templated":true}]}}