{"id":18343,"date":"2025-04-10T15:02:01","date_gmt":"2025-04-10T13:02:01","guid":{"rendered":"https:\/\/berryshka.com\/?post_type=product&#038;p=18343"},"modified":"2025-04-10T15:02:01","modified_gmt":"2025-04-10T13:02:01","slug":"fruehlingsueberraschung-jurij","status":"publish","type":"product","link":"https:\/\/berryshka.com\/de\/geschenkprogramm\/fruehlingsueberraschung-jurij\/","title":{"rendered":"Fr\u00fchlings\u00fcberraschung: JURIJ"},"content":{"rendered":"<p>Tauchen Sie ein in eine magische Welt der Aromen mit unseren einzigartigen, handgefertigten \u201eFhr\u00fclings Bissen\u201c- Geschenken, die zusammen mit unserem international preisgekr\u00f6nten Kr\u00e4uter-Gin eine neue Geschmacksdimension er\u00f6ffnen und unter dem Namen JURIJ pr\u00e4sentiert werden.<\/p>\n<p>Jeder Bissen ist eine Reise durch die Zeit, bei der Tradition und Innovation in perfekter Harmonie zusammenkommen. Unsere Pralinen sind gef\u00fcllt mit saftiger Feige, die als Symbol f\u00fcr Kraft und Mut gilt, und knackiger Mandel, einem Symbol f\u00fcr g\u00f6ttliche Zuneigung und Anerkennung. Die feinste Zartbitterschokolade, die jede Praline sanft umh\u00fcllt, erz\u00e4hlt von der Liebe zur Schokolade und den sorgf\u00e4ltig ausgew\u00e4hlten Zutaten, w\u00e4hrend die Bemalung der Pralinen mit leuchtenden Farben das Aufbl\u00fchen des Fr\u00fchlings darstellt.<\/p>\n<p>JURIJ ist nach Green George benannt, so dass die Packung die gr\u00fcnen Farbt\u00f6ne der Fr\u00fchlingsknabbereien mit dem international preisgekr\u00f6nten Kr\u00e4utergin London Dry Gin kombiniert.<\/p>\n<p>Wir bieten Ihnen eine exklusive Gelegenheit, eine Zeit des Festes der Geschm\u00e4cker zu genie\u00dfen und zu entdecken, wie jeder Moment mit einem Hauch von Luxus und Einzigartigkeit zu etwas Besonderem werden kann.<\/p>\n","protected":false},"excerpt":{"rendered":"<p><strong>Feiern Sie den Fr\u00fchling.<\/strong><\/p>\n","protected":false},"featured_media":17092,"comment_status":"closed","ping_status":"closed","template":"","meta":{"_acf_changed":false,"_seopress_robots_primary_cat":"","_seopress_titles_title":"","_seopress_titles_desc":"","_seopress_robots_index":""},"product_brand":[],"product_cat":[83],"product_tag":[],"class_list":{"0":"post-18343","1":"product","2":"type-product","3":"status-publish","4":"has-post-thumbnail","6":"product_cat-geschenkprogramm","8":"first","9":"instock","10":"taxable","11":"shipping-taxable","12":"purchasable","13":"product-type-simple"},"acf":[],"etheme_brands":{"errors":{"invalid_taxonomy":["Die Taxonomie ist ung\u00fcltig."]},"error_data":[]},"_links":{"self":[{"href":"https:\/\/berryshka.com\/de\/wp-json\/wp\/v2\/product\/18343","targetHints":{"allow":["GET"]}}],"collection":[{"href":"https:\/\/berryshka.com\/de\/wp-json\/wp\/v2\/product"}],"about":[{"href":"https:\/\/berryshka.com\/de\/wp-json\/wp\/v2\/types\/product"}],"replies":[{"embeddable":true,"href":"https:\/\/berryshka.com\/de\/wp-json\/wp\/v2\/comments?post=18343"}],"wp:featuredmedia":[{"embeddable":true,"href":"https:\/\/berryshka.com\/de\/wp-json\/wp\/v2\/media\/17092"}],"wp:attachment":[{"href":"https:\/\/berryshka.com\/de\/wp-json\/wp\/v2\/media?parent=18343"}],"wp:term":[{"taxonomy":"product_brand","embeddable":true,"href":"https:\/\/berryshka.com\/de\/wp-json\/wp\/v2\/product_brand?post=18343"},{"taxonomy":"product_cat","embeddable":true,"href":"https:\/\/berryshka.com\/de\/wp-json\/wp\/v2\/product_cat?post=18343"},{"taxonomy":"product_tag","embeddable":true,"href":"https:\/\/berryshka.com\/de\/wp-json\/wp\/v2\/product_tag?post=18343"}],"curies":[{"name":"wp","href":"https:\/\/api.w.org\/{rel}","templated":true}]}}