{"id":18310,"date":"2025-04-10T09:36:39","date_gmt":"2025-04-10T07:36:39","guid":{"rendered":"https:\/\/berryshka.com\/?post_type=product&#038;p=18310"},"modified":"2025-04-10T09:36:39","modified_gmt":"2025-04-10T07:36:39","slug":"ein-dutzend-unvergesslichen-momente","status":"publish","type":"product","link":"https:\/\/berryshka.com\/de\/schokoladenprodukte\/ein-dutzend-unvergesslichen-momente\/","title":{"rendered":"Ein Dutzend unvergesslichen Momente"},"content":{"rendered":"<p>Ein authentisches Dutzend f\u00fcr jeden Geschmack. Zw\u00f6lf unvergessliche Pralinen &#8211; eine f\u00fcr jeden Monat eines s\u00fc\u00dfen Jahres und f\u00fcr die noch s\u00fc\u00dferen Zw\u00f6lf, die kommen werden.<\/p>\n<p>Handgefertigte Tr\u00fcffel aus feinster wei\u00dfer Schokolade, gef\u00fcllt mit vier verschiedenen hausgemachten F\u00fcllungen, hergestellt nach den exklusiven Rezepten unseres Schokoladenmeisters.<\/p>\n","protected":false},"excerpt":{"rendered":"<p><strong>Ein unvergessliches Geschenk.<\/strong><\/p>\n","protected":false},"featured_media":17738,"comment_status":"closed","ping_status":"closed","template":"","meta":{"_acf_changed":false,"_seopress_robots_primary_cat":"","_seopress_titles_title":"","_seopress_titles_desc":"","_seopress_robots_index":""},"product_brand":[],"product_cat":[83,85],"product_tag":[],"class_list":{"0":"post-18310","1":"product","2":"type-product","3":"status-publish","4":"has-post-thumbnail","6":"product_cat-geschenkprogramm","7":"product_cat-schokoladenprodukte","9":"first","10":"instock","11":"taxable","12":"shipping-taxable","13":"purchasable","14":"product-type-variable"},"acf":[],"etheme_brands":{"errors":{"invalid_taxonomy":["Die Taxonomie ist ung\u00fcltig."]},"error_data":[]},"_links":{"self":[{"href":"https:\/\/berryshka.com\/de\/wp-json\/wp\/v2\/product\/18310","targetHints":{"allow":["GET"]}}],"collection":[{"href":"https:\/\/berryshka.com\/de\/wp-json\/wp\/v2\/product"}],"about":[{"href":"https:\/\/berryshka.com\/de\/wp-json\/wp\/v2\/types\/product"}],"replies":[{"embeddable":true,"href":"https:\/\/berryshka.com\/de\/wp-json\/wp\/v2\/comments?post=18310"}],"wp:featuredmedia":[{"embeddable":true,"href":"https:\/\/berryshka.com\/de\/wp-json\/wp\/v2\/media\/17738"}],"wp:attachment":[{"href":"https:\/\/berryshka.com\/de\/wp-json\/wp\/v2\/media?parent=18310"}],"wp:term":[{"taxonomy":"product_brand","embeddable":true,"href":"https:\/\/berryshka.com\/de\/wp-json\/wp\/v2\/product_brand?post=18310"},{"taxonomy":"product_cat","embeddable":true,"href":"https:\/\/berryshka.com\/de\/wp-json\/wp\/v2\/product_cat?post=18310"},{"taxonomy":"product_tag","embeddable":true,"href":"https:\/\/berryshka.com\/de\/wp-json\/wp\/v2\/product_tag?post=18310"}],"curies":[{"name":"wp","href":"https:\/\/api.w.org\/{rel}","templated":true}]}}