{"id":9263,"date":"2022-10-27T12:26:59","date_gmt":"2022-10-27T10:26:59","guid":{"rendered":"https:\/\/berryshka.com\/produkte\/likoere\/mini-flaschen-set-bar\/"},"modified":"2022-10-27T12:27:21","modified_gmt":"2022-10-27T10:27:21","slug":"mini-flaschen-set-bar","status":"publish","type":"page","link":"https:\/\/berryshka.com\/de\/produkte\/likoere\/mini-flaschen-set-bar\/","title":{"rendered":"Mini-Flaschen-Set Bar"},"content":{"rendered":"\t\t<div data-elementor-type=\"wp-page\" data-elementor-id=\"9263\" class=\"elementor elementor-9263 elementor-1521\" data-elementor-post-type=\"page\">\n\t\t\t\t\t\t<section class=\"elementor-section elementor-top-section elementor-element elementor-element-bfae13c elementor-section-stretched elementor-section-full_width elementor-section-content-middle elementor-section-height-default elementor-section-height-default\" data-id=\"bfae13c\" data-element_type=\"section\" data-e-type=\"section\" data-settings=\"{&quot;stretch_section&quot;:&quot;section-stretched&quot;}\">\n\t\t\t\t\t\t<div class=\"elementor-container elementor-column-gap-no\">\n\t\t\t\t\t<div class=\"elementor-column elementor-col-33 elementor-top-column elementor-element elementor-element-3d79338\" data-id=\"3d79338\" data-element_type=\"column\" data-e-type=\"column\">\n\t\t\t<div class=\"elementor-widget-wrap elementor-element-populated\">\n\t\t\t\t\t\t<div class=\"elementor-element elementor-element-767dff00 elementor-widget elementor-widget-heading\" data-id=\"767dff00\" data-element_type=\"widget\" data-e-type=\"widget\" data-widget_type=\"heading.default\">\n\t\t\t\t<div class=\"elementor-widget-container\">\n\t\t\t\t\t<h2 class=\"elementor-heading-title elementor-size-default\">Mini-Flaschen-Set Bar<\/h2>\t\t\t\t<\/div>\n\t\t\t\t<\/div>\n\t\t\t\t<div class=\"elementor-element elementor-element-24ba52f3 elementor-widget elementor-widget-text-editor\" data-id=\"24ba52f3\" data-element_type=\"widget\" data-e-type=\"widget\" data-widget_type=\"text-editor.default\">\n\t\t\t\t<div class=\"elementor-widget-container\">\n\t\t\t\t\t\t\t\t\t<p>Spielen Sie mit den Aromen und genie\u00dfen Sie!<\/p>\n\t\t\t\t\t\t\t\t<\/div>\n\t\t\t\t<\/div>\n\t\t\t\t<div class=\"elementor-element elementor-element-337740ad elementor-widget-divider--view-line elementor-widget elementor-widget-divider\" data-id=\"337740ad\" data-element_type=\"widget\" data-e-type=\"widget\" data-widget_type=\"divider.default\">\n\t\t\t\t<div class=\"elementor-widget-container\">\n\t\t\t\t\t\t\t<div class=\"elementor-divider\">\n\t\t\t<span class=\"elementor-divider-separator\">\n\t\t\t\t\t\t<\/span>\n\t\t<\/div>\n\t\t\t\t\t\t<\/div>\n\t\t\t\t<\/div>\n\t\t\t\t<div class=\"elementor-element elementor-element-1185d0ba elementor-widget elementor-widget-text-editor\" data-id=\"1185d0ba\" data-element_type=\"widget\" data-e-type=\"widget\" data-widget_type=\"text-editor.default\">\n\t\t\t\t<div class=\"elementor-widget-container\">\n\t\t\t\t\t\t\t\t\t<p>Premium-Geschenkpaket mit Lik\u00f6r-Miniaturflaschen in Begleitung von Sloweniens international bekanntem London Dry Gin, mit beigef\u00fcgten Cocktail-Rezepten.<\/p>\n\t\t\t\t\t\t\t\t<\/div>\n\t\t\t\t<\/div>\n\t\t\t\t\t<\/div>\n\t\t<\/div>\n\t\t\t\t<div class=\"elementor-column elementor-col-33 elementor-top-column elementor-element elementor-element-17a4278b hover-bg\" data-id=\"17a4278b\" data-element_type=\"column\" data-e-type=\"column\" data-settings=\"{&quot;background_background&quot;:&quot;classic&quot;}\">\n\t\t\t<div class=\"elementor-widget-wrap elementor-element-populated\">\n\t\t\t\t\t\t<div class=\"elementor-element elementor-element-3739b11c elementor-widget elementor-widget-spacer\" data-id=\"3739b11c\" data-element_type=\"widget\" data-e-type=\"widget\" data-widget_type=\"spacer.default\">\n\t\t\t\t<div class=\"elementor-widget-container\">\n\t\t\t\t\t\t\t<div class=\"elementor-spacer\">\n\t\t\t<div class=\"elementor-spacer-inner\"><\/div>\n\t\t<\/div>\n\t\t\t\t\t\t<\/div>\n\t\t\t\t<\/div>\n\t\t\t\t\t<\/div>\n\t\t<\/div>\n\t\t\t\t<div class=\"elementor-column elementor-col-33 elementor-top-column elementor-element elementor-element-30af3597\" data-id=\"30af3597\" data-element_type=\"column\" data-e-type=\"column\" data-settings=\"{&quot;background_background&quot;:&quot;classic&quot;}\">\n\t\t\t<div class=\"elementor-widget-wrap elementor-element-populated\">\n\t\t\t\t\t\t<div class=\"elementor-element elementor-element-7663fa69 elementor-widget elementor-widget-text-editor\" data-id=\"7663fa69\" data-element_type=\"widget\" data-e-type=\"widget\" data-widget_type=\"text-editor.default\">\n\t\t\t\t<div class=\"elementor-widget-container\">\n\t\t\t\t\t\t\t\t\t<p><strong>LIK\u00d6R-AROMEN<\/strong>: Aronia | Kirsche | Heidelbeere | Brombeere | schwarze Johannisbeere | Walnuss<\/p>\n<p><strong>ALKOHOL:<\/strong> 14,5\u00a0% | 20\u00a0% | 28\u00a0% | 40\u00a0%<\/p>\n<p><strong>QUALIT\u00c4T:<\/strong> Lik\u00f6re und London Gin von international anerkannter Qualit\u00e4t, hergestellt nach den h\u00f6chsten Standards mit niedrigem Zuckergehalt, ohne Zusatz von k\u00fcnstlichen Farb- und Zusatzstoffen.<\/p>\n<p><strong>MENGE:<\/strong> 7\u00a0\u00d7\u00a040\u00a0ml<\/p>\n\t\t\t\t\t\t\t\t<\/div>\n\t\t\t\t<\/div>\n\t\t\t\t\t<\/div>\n\t\t<\/div>\n\t\t\t\t\t<\/div>\n\t\t<\/section>\n\t\t\t\t<\/div>\n\t\t","protected":false},"excerpt":{"rendered":"<p>Mini-Flaschen-Set Bar Spielen Sie mit den Aromen und genie\u00dfen Sie! Premium-Geschenkpaket mit Lik\u00f6r-Miniaturflaschen in Begleitung von Sloweniens international bekanntem London Dry Gin, mit beigef\u00fcgten Cocktail-Rezepten. LIK\u00d6R-AROMEN: Aronia | Kirsche | Heidelbeere | Brombeere | schwarze Johannisbeere | Walnuss ALKOHOL: 14,5\u00a0% | 20\u00a0% | 28\u00a0% | 40\u00a0% QUALIT\u00c4T: Lik\u00f6re und London Gin von international anerkannter Qualit\u00e4t, hergestellt nach den h\u00f6chsten Standards mit niedrigem Zuckergehalt, ohne Zusatz von k\u00fcnstlichen Farb- und Zusatzstoffen. MENGE: 7\u00a0\u00d7\u00a040\u00a0ml<\/p>\n","protected":false},"author":1,"featured_media":0,"parent":9249,"menu_order":0,"comment_status":"closed","ping_status":"closed","template":"","meta":{"_acf_changed":false,"_seopress_robots_primary_cat":"","_seopress_titles_title":"","_seopress_titles_desc":"","_seopress_robots_index":"","footnotes":""},"class_list":["post-9263","page","type-page","status-publish","hentry"],"acf":[],"_links":{"self":[{"href":"https:\/\/berryshka.com\/de\/wp-json\/wp\/v2\/pages\/9263","targetHints":{"allow":["GET"]}}],"collection":[{"href":"https:\/\/berryshka.com\/de\/wp-json\/wp\/v2\/pages"}],"about":[{"href":"https:\/\/berryshka.com\/de\/wp-json\/wp\/v2\/types\/page"}],"author":[{"embeddable":true,"href":"https:\/\/berryshka.com\/de\/wp-json\/wp\/v2\/users\/1"}],"replies":[{"embeddable":true,"href":"https:\/\/berryshka.com\/de\/wp-json\/wp\/v2\/comments?post=9263"}],"version-history":[{"count":1,"href":"https:\/\/berryshka.com\/de\/wp-json\/wp\/v2\/pages\/9263\/revisions"}],"predecessor-version":[{"id":9264,"href":"https:\/\/berryshka.com\/de\/wp-json\/wp\/v2\/pages\/9263\/revisions\/9264"}],"up":[{"embeddable":true,"href":"https:\/\/berryshka.com\/de\/wp-json\/wp\/v2\/pages\/9249"}],"wp:attachment":[{"href":"https:\/\/berryshka.com\/de\/wp-json\/wp\/v2\/media?parent=9263"}],"curies":[{"name":"wp","href":"https:\/\/api.w.org\/{rel}","templated":true}]}}