{"id":9261,"date":"2022-10-27T12:26:58","date_gmt":"2022-10-27T10:26:58","guid":{"rendered":"https:\/\/berryshka.com\/produkte\/likoere\/kirschlikoer\/"},"modified":"2022-10-27T12:27:21","modified_gmt":"2022-10-27T10:27:21","slug":"kirschlikoer","status":"publish","type":"page","link":"https:\/\/berryshka.com\/de\/produkte\/likoere\/kirschlikoer\/","title":{"rendered":"Kirschlik\u00f6r"},"content":{"rendered":"\t\t<div data-elementor-type=\"wp-page\" data-elementor-id=\"9261\" class=\"elementor elementor-9261 elementor-1511\" data-elementor-post-type=\"page\">\n\t\t\t\t\t\t<section class=\"elementor-section elementor-top-section elementor-element elementor-element-38f99015 elementor-section-stretched elementor-section-full_width elementor-section-content-middle elementor-section-height-default elementor-section-height-default\" data-id=\"38f99015\" data-element_type=\"section\" data-e-type=\"section\" data-settings=\"{&quot;stretch_section&quot;:&quot;section-stretched&quot;}\">\n\t\t\t\t\t\t<div class=\"elementor-container elementor-column-gap-no\">\n\t\t\t\t\t<div class=\"elementor-column elementor-col-33 elementor-top-column elementor-element elementor-element-cebdcf1\" data-id=\"cebdcf1\" data-element_type=\"column\" data-e-type=\"column\">\n\t\t\t<div class=\"elementor-widget-wrap elementor-element-populated\">\n\t\t\t\t\t\t<div class=\"elementor-element elementor-element-5299e63d elementor-widget elementor-widget-heading\" data-id=\"5299e63d\" data-element_type=\"widget\" data-e-type=\"widget\" data-widget_type=\"heading.default\">\n\t\t\t\t<div class=\"elementor-widget-container\">\n\t\t\t\t\t<h2 class=\"elementor-heading-title elementor-size-default\">Kirschlik\u00f6r <\/h2>\t\t\t\t<\/div>\n\t\t\t\t<\/div>\n\t\t\t\t<div class=\"elementor-element elementor-element-3e628c01 elementor-widget elementor-widget-text-editor\" data-id=\"3e628c01\" data-element_type=\"widget\" data-e-type=\"widget\" data-widget_type=\"text-editor.default\">\n\t\t\t\t<div class=\"elementor-widget-container\">\n\t\t\t\t\t\t\t\t\t<p>S\u00fc\u00dfe Verspieltheit.<\/p>\n\t\t\t\t\t\t\t\t<\/div>\n\t\t\t\t<\/div>\n\t\t\t\t<div class=\"elementor-element elementor-element-1e25c37c elementor-widget-divider--view-line elementor-widget elementor-widget-divider\" data-id=\"1e25c37c\" data-element_type=\"widget\" data-e-type=\"widget\" data-widget_type=\"divider.default\">\n\t\t\t\t<div class=\"elementor-widget-container\">\n\t\t\t\t\t\t\t<div class=\"elementor-divider\">\n\t\t\t<span class=\"elementor-divider-separator\">\n\t\t\t\t\t\t<\/span>\n\t\t<\/div>\n\t\t\t\t\t\t<\/div>\n\t\t\t\t<\/div>\n\t\t\t\t<div class=\"elementor-element elementor-element-463e2242 elementor-widget elementor-widget-text-editor\" data-id=\"463e2242\" data-element_type=\"widget\" data-e-type=\"widget\" data-widget_type=\"text-editor.default\">\n\t\t\t\t<div class=\"elementor-widget-container\">\n\t\t\t\t\t\t\t\t\t<p>Der aus dem s\u00fc\u00dfen Saft slowenischer Kirschen hergestellte Kirschlik\u00f6r vereint Zartheit und jugendliche Freude an unbeschwerten Sommertagen. Eine wahre Mischung aus der roten Frucht und reinem Quellwasser.<\/p>\n\t\t\t\t\t\t\t\t<\/div>\n\t\t\t\t<\/div>\n\t\t\t\t\t<\/div>\n\t\t<\/div>\n\t\t\t\t<div class=\"elementor-column elementor-col-33 elementor-top-column elementor-element elementor-element-3e3fc67e hover-bg\" data-id=\"3e3fc67e\" data-element_type=\"column\" data-e-type=\"column\" data-settings=\"{&quot;background_background&quot;:&quot;classic&quot;}\">\n\t\t\t<div class=\"elementor-widget-wrap elementor-element-populated\">\n\t\t\t\t\t\t<div class=\"elementor-element elementor-element-2c9258aa elementor-widget elementor-widget-spacer\" data-id=\"2c9258aa\" data-element_type=\"widget\" data-e-type=\"widget\" data-widget_type=\"spacer.default\">\n\t\t\t\t<div class=\"elementor-widget-container\">\n\t\t\t\t\t\t\t<div class=\"elementor-spacer\">\n\t\t\t<div class=\"elementor-spacer-inner\"><\/div>\n\t\t<\/div>\n\t\t\t\t\t\t<\/div>\n\t\t\t\t<\/div>\n\t\t\t\t\t<\/div>\n\t\t<\/div>\n\t\t\t\t<div class=\"elementor-column elementor-col-33 elementor-top-column elementor-element elementor-element-14a34145\" data-id=\"14a34145\" data-element_type=\"column\" data-e-type=\"column\" data-settings=\"{&quot;background_background&quot;:&quot;classic&quot;}\">\n\t\t\t<div class=\"elementor-widget-wrap elementor-element-populated\">\n\t\t\t\t\t\t<div class=\"elementor-element elementor-element-5e4ddd7b elementor-widget elementor-widget-text-editor\" data-id=\"5e4ddd7b\" data-element_type=\"widget\" data-e-type=\"widget\" data-widget_type=\"text-editor.default\">\n\t\t\t\t<div class=\"elementor-widget-container\">\n\t\t\t\t\t\t\t\t\t<p><strong>ZUTATEN<\/strong>: Konzentrierter Kirschsaft | Zucker | Alkohol | Aromen | nat\u00fcrliches Quellwasser<\/p>\n<p><strong>ALKOHOL:<\/strong> 14,5\u00a0%<\/p>\n<p><strong>QUALIT\u00c4T:<\/strong> Lik\u00f6re von international anerkannter Qualit\u00e4t, hergestellt nach den h\u00f6chsten Standards mit niedrigem Zuckergehalt, ohne Zusatz von k\u00fcnstlichen Farb- und Zusatzstoffen.<\/p>\n<p><strong>MENGE:<\/strong> 700\u00a0ml<\/p>\n\t\t\t\t\t\t\t\t<\/div>\n\t\t\t\t<\/div>\n\t\t\t\t\t<\/div>\n\t\t<\/div>\n\t\t\t\t\t<\/div>\n\t\t<\/section>\n\t\t\t\t<\/div>\n\t\t","protected":false},"excerpt":{"rendered":"<p>Kirschlik\u00f6r S\u00fc\u00dfe Verspieltheit. Der aus dem s\u00fc\u00dfen Saft slowenischer Kirschen hergestellte Kirschlik\u00f6r vereint Zartheit und jugendliche Freude an unbeschwerten Sommertagen. Eine wahre Mischung aus der roten Frucht und reinem Quellwasser. ZUTATEN: Konzentrierter Kirschsaft | Zucker | Alkohol | Aromen | nat\u00fcrliches Quellwasser ALKOHOL: 14,5\u00a0% QUALIT\u00c4T: Lik\u00f6re von international anerkannter Qualit\u00e4t, hergestellt nach den h\u00f6chsten Standards mit niedrigem Zuckergehalt, ohne Zusatz von k\u00fcnstlichen Farb- und Zusatzstoffen. MENGE: 700\u00a0ml<\/p>\n","protected":false},"author":1,"featured_media":0,"parent":9249,"menu_order":0,"comment_status":"closed","ping_status":"closed","template":"","meta":{"_acf_changed":false,"_seopress_robots_primary_cat":"","_seopress_titles_title":"","_seopress_titles_desc":"","_seopress_robots_index":"","footnotes":""},"class_list":["post-9261","page","type-page","status-publish","hentry"],"acf":[],"_links":{"self":[{"href":"https:\/\/berryshka.com\/de\/wp-json\/wp\/v2\/pages\/9261","targetHints":{"allow":["GET"]}}],"collection":[{"href":"https:\/\/berryshka.com\/de\/wp-json\/wp\/v2\/pages"}],"about":[{"href":"https:\/\/berryshka.com\/de\/wp-json\/wp\/v2\/types\/page"}],"author":[{"embeddable":true,"href":"https:\/\/berryshka.com\/de\/wp-json\/wp\/v2\/users\/1"}],"replies":[{"embeddable":true,"href":"https:\/\/berryshka.com\/de\/wp-json\/wp\/v2\/comments?post=9261"}],"version-history":[{"count":1,"href":"https:\/\/berryshka.com\/de\/wp-json\/wp\/v2\/pages\/9261\/revisions"}],"predecessor-version":[{"id":9262,"href":"https:\/\/berryshka.com\/de\/wp-json\/wp\/v2\/pages\/9261\/revisions\/9262"}],"up":[{"embeddable":true,"href":"https:\/\/berryshka.com\/de\/wp-json\/wp\/v2\/pages\/9249"}],"wp:attachment":[{"href":"https:\/\/berryshka.com\/de\/wp-json\/wp\/v2\/media?parent=9261"}],"curies":[{"name":"wp","href":"https:\/\/api.w.org\/{rel}","templated":true}]}}