{"id":9259,"date":"2022-10-27T12:26:56","date_gmt":"2022-10-27T10:26:56","guid":{"rendered":"https:\/\/berryshka.com\/produkte\/likoere\/aronia-likoer\/"},"modified":"2022-10-27T12:27:21","modified_gmt":"2022-10-27T10:27:21","slug":"aronia-likoer","status":"publish","type":"page","link":"https:\/\/berryshka.com\/de\/produkte\/likoere\/aronia-likoer\/","title":{"rendered":"Aronia-Lik\u00f6r"},"content":{"rendered":"\t\t<div data-elementor-type=\"wp-page\" data-elementor-id=\"9259\" class=\"elementor elementor-9259 elementor-1501\" data-elementor-post-type=\"page\">\n\t\t\t\t\t\t<section class=\"elementor-section elementor-top-section elementor-element elementor-element-1d3277b1 elementor-section-stretched elementor-section-full_width elementor-section-content-middle elementor-section-height-default elementor-section-height-default\" data-id=\"1d3277b1\" data-element_type=\"section\" data-e-type=\"section\" data-settings=\"{&quot;stretch_section&quot;:&quot;section-stretched&quot;}\">\n\t\t\t\t\t\t<div class=\"elementor-container elementor-column-gap-no\">\n\t\t\t\t\t<div class=\"elementor-column elementor-col-33 elementor-top-column elementor-element elementor-element-7c9ea494\" data-id=\"7c9ea494\" data-element_type=\"column\" data-e-type=\"column\">\n\t\t\t<div class=\"elementor-widget-wrap elementor-element-populated\">\n\t\t\t\t\t\t<div class=\"elementor-element elementor-element-790df14d elementor-widget elementor-widget-heading\" data-id=\"790df14d\" data-element_type=\"widget\" data-e-type=\"widget\" data-widget_type=\"heading.default\">\n\t\t\t\t<div class=\"elementor-widget-container\">\n\t\t\t\t\t<h2 class=\"elementor-heading-title elementor-size-default\">Aronia-Lik\u00f6r <\/h2>\t\t\t\t<\/div>\n\t\t\t\t<\/div>\n\t\t\t\t<div class=\"elementor-element elementor-element-1ee9733c elementor-widget elementor-widget-text-editor\" data-id=\"1ee9733c\" data-element_type=\"widget\" data-e-type=\"widget\" data-widget_type=\"text-editor.default\">\n\t\t\t\t<div class=\"elementor-widget-container\">\n\t\t\t\t\t\t\t\t\t<p>Liebenswerter Unfug.<\/p>\n\t\t\t\t\t\t\t\t<\/div>\n\t\t\t\t<\/div>\n\t\t\t\t<div class=\"elementor-element elementor-element-10c9781a elementor-widget-divider--view-line elementor-widget elementor-widget-divider\" data-id=\"10c9781a\" data-element_type=\"widget\" data-e-type=\"widget\" data-widget_type=\"divider.default\">\n\t\t\t\t<div class=\"elementor-widget-container\">\n\t\t\t\t\t\t\t<div class=\"elementor-divider\">\n\t\t\t<span class=\"elementor-divider-separator\">\n\t\t\t\t\t\t<\/span>\n\t\t<\/div>\n\t\t\t\t\t\t<\/div>\n\t\t\t\t<\/div>\n\t\t\t\t<div class=\"elementor-element elementor-element-447c6309 elementor-widget elementor-widget-text-editor\" data-id=\"447c6309\" data-element_type=\"widget\" data-e-type=\"widget\" data-widget_type=\"text-editor.default\">\n\t\t\t\t<div class=\"elementor-widget-container\">\n\t\t\t\t\t\t\t\t\t<p>Der berauschende Trank der K\u00f6nigin der n\u00f6rdlichen Weiten, jugendlicher Magie und Kraft. Aronia-Lik\u00f6r vereint die S\u00fc\u00dfe und Zartheit der herben Frucht mit nur 14,5\u00a0% Alkohol.<\/p>\n<p>Bereiten Sie sich auf ein wildes Abenteuer g\u00f6ttlicher Geschmacksharmonien vor.<\/p>\n\t\t\t\t\t\t\t\t<\/div>\n\t\t\t\t<\/div>\n\t\t\t\t\t<\/div>\n\t\t<\/div>\n\t\t\t\t<div class=\"elementor-column elementor-col-33 elementor-top-column elementor-element elementor-element-5e8f1e6 hover-bg\" data-id=\"5e8f1e6\" data-element_type=\"column\" data-e-type=\"column\" data-settings=\"{&quot;background_background&quot;:&quot;classic&quot;}\">\n\t\t\t<div class=\"elementor-widget-wrap elementor-element-populated\">\n\t\t\t\t\t\t<div class=\"elementor-element elementor-element-5e8d74ff elementor-widget elementor-widget-spacer\" data-id=\"5e8d74ff\" data-element_type=\"widget\" data-e-type=\"widget\" data-widget_type=\"spacer.default\">\n\t\t\t\t<div class=\"elementor-widget-container\">\n\t\t\t\t\t\t\t<div class=\"elementor-spacer\">\n\t\t\t<div class=\"elementor-spacer-inner\"><\/div>\n\t\t<\/div>\n\t\t\t\t\t\t<\/div>\n\t\t\t\t<\/div>\n\t\t\t\t\t<\/div>\n\t\t<\/div>\n\t\t\t\t<div class=\"elementor-column elementor-col-33 elementor-top-column elementor-element elementor-element-1991aa9c\" data-id=\"1991aa9c\" data-element_type=\"column\" data-e-type=\"column\" data-settings=\"{&quot;background_background&quot;:&quot;classic&quot;}\">\n\t\t\t<div class=\"elementor-widget-wrap elementor-element-populated\">\n\t\t\t\t\t\t<div class=\"elementor-element elementor-element-1f56b2ee elementor-widget elementor-widget-text-editor\" data-id=\"1f56b2ee\" data-element_type=\"widget\" data-e-type=\"widget\" data-widget_type=\"text-editor.default\">\n\t\t\t\t<div class=\"elementor-widget-container\">\n\t\t\t\t\t\t\t\t\t<p><strong>ZUTATEN<\/strong>: Konzentrierter Aronia-Saft | Zucker | Alkohol | Aromen | nat\u00fcrliches Quellwasser<\/p>\n<p><strong>ALKOHOL:<\/strong> 14,5\u00a0%<\/p>\n<p><strong>QUALIT\u00c4T:<\/strong> Lik\u00f6re von international anerkannter Qualit\u00e4t, hergestellt nach den h\u00f6chsten Standards mit niedrigem Zuckergehalt, ohne Zusatz von k\u00fcnstlichen Farb- und Zusatzstoffen.<\/p>\n<p><strong>MENGE:<\/strong> 700\u00a0ml<\/p>\n\t\t\t\t\t\t\t\t<\/div>\n\t\t\t\t<\/div>\n\t\t\t\t\t<\/div>\n\t\t<\/div>\n\t\t\t\t\t<\/div>\n\t\t<\/section>\n\t\t\t\t<\/div>\n\t\t","protected":false},"excerpt":{"rendered":"<p>Aronia-Lik\u00f6r Liebenswerter Unfug. Der berauschende Trank der K\u00f6nigin der n\u00f6rdlichen Weiten, jugendlicher Magie und Kraft. Aronia-Lik\u00f6r vereint die S\u00fc\u00dfe und Zartheit der herben Frucht mit nur 14,5\u00a0% Alkohol. Bereiten Sie sich auf ein wildes Abenteuer g\u00f6ttlicher Geschmacksharmonien vor. ZUTATEN: Konzentrierter Aronia-Saft | Zucker | Alkohol | Aromen | nat\u00fcrliches Quellwasser ALKOHOL: 14,5\u00a0% QUALIT\u00c4T: Lik\u00f6re von international anerkannter Qualit\u00e4t, hergestellt nach den h\u00f6chsten Standards mit niedrigem Zuckergehalt, ohne Zusatz von k\u00fcnstlichen Farb- und Zusatzstoffen. MENGE: 700\u00a0ml<\/p>\n","protected":false},"author":1,"featured_media":0,"parent":9249,"menu_order":0,"comment_status":"closed","ping_status":"closed","template":"","meta":{"_acf_changed":false,"_seopress_robots_primary_cat":"","_seopress_titles_title":"","_seopress_titles_desc":"","_seopress_robots_index":"","footnotes":""},"class_list":["post-9259","page","type-page","status-publish","hentry"],"acf":[],"_links":{"self":[{"href":"https:\/\/berryshka.com\/de\/wp-json\/wp\/v2\/pages\/9259","targetHints":{"allow":["GET"]}}],"collection":[{"href":"https:\/\/berryshka.com\/de\/wp-json\/wp\/v2\/pages"}],"about":[{"href":"https:\/\/berryshka.com\/de\/wp-json\/wp\/v2\/types\/page"}],"author":[{"embeddable":true,"href":"https:\/\/berryshka.com\/de\/wp-json\/wp\/v2\/users\/1"}],"replies":[{"embeddable":true,"href":"https:\/\/berryshka.com\/de\/wp-json\/wp\/v2\/comments?post=9259"}],"version-history":[{"count":1,"href":"https:\/\/berryshka.com\/de\/wp-json\/wp\/v2\/pages\/9259\/revisions"}],"predecessor-version":[{"id":9260,"href":"https:\/\/berryshka.com\/de\/wp-json\/wp\/v2\/pages\/9259\/revisions\/9260"}],"up":[{"embeddable":true,"href":"https:\/\/berryshka.com\/de\/wp-json\/wp\/v2\/pages\/9249"}],"wp:attachment":[{"href":"https:\/\/berryshka.com\/de\/wp-json\/wp\/v2\/media?parent=9259"}],"curies":[{"name":"wp","href":"https:\/\/api.w.org\/{rel}","templated":true}]}}