{"id":9239,"date":"2022-10-27T12:26:47","date_gmt":"2022-10-27T10:26:47","guid":{"rendered":"https:\/\/berryshka.com\/produkte\/wacholderschnaps\/wacholderschnaps\/"},"modified":"2022-10-27T12:27:20","modified_gmt":"2022-10-27T10:27:20","slug":"wacholderschnaps","status":"publish","type":"page","link":"https:\/\/berryshka.com\/de\/produkte\/wacholderschnaps\/wacholderschnaps\/","title":{"rendered":"Wacholderschnaps"},"content":{"rendered":"\t\t<div data-elementor-type=\"wp-page\" data-elementor-id=\"9239\" class=\"elementor elementor-9239 elementor-1380\" data-elementor-post-type=\"page\">\n\t\t\t\t\t\t<section class=\"elementor-section elementor-top-section elementor-element elementor-element-3c22520f elementor-section-stretched elementor-section-full_width elementor-section-content-middle elementor-section-height-default elementor-section-height-default\" data-id=\"3c22520f\" data-element_type=\"section\" data-e-type=\"section\" data-settings=\"{&quot;stretch_section&quot;:&quot;section-stretched&quot;}\">\n\t\t\t\t\t\t<div class=\"elementor-container elementor-column-gap-no\">\n\t\t\t\t\t<div class=\"elementor-column elementor-col-33 elementor-top-column elementor-element elementor-element-9110ec9\" data-id=\"9110ec9\" data-element_type=\"column\" data-e-type=\"column\">\n\t\t\t<div class=\"elementor-widget-wrap elementor-element-populated\">\n\t\t\t\t\t\t<div class=\"elementor-element elementor-element-35e10d88 elementor-widget elementor-widget-heading\" data-id=\"35e10d88\" data-element_type=\"widget\" data-e-type=\"widget\" data-widget_type=\"heading.default\">\n\t\t\t\t<div class=\"elementor-widget-container\">\n\t\t\t\t\t<h2 class=\"elementor-heading-title elementor-size-default\">BIO Wacholderschnaps<\/h2>\t\t\t\t<\/div>\n\t\t\t\t<\/div>\n\t\t\t\t<div class=\"elementor-element elementor-element-3c0574f9 elementor-widget elementor-widget-text-editor\" data-id=\"3c0574f9\" data-element_type=\"widget\" data-e-type=\"widget\" data-widget_type=\"text-editor.default\">\n\t\t\t\t<div class=\"elementor-widget-container\">\n\t\t\t\t\t\t\t\t\t<p>Traditionell, aber besonders.<\/p>\n\t\t\t\t\t\t\t\t<\/div>\n\t\t\t\t<\/div>\n\t\t\t\t<div class=\"elementor-element elementor-element-49bf726d elementor-widget-divider--view-line elementor-widget elementor-widget-divider\" data-id=\"49bf726d\" data-element_type=\"widget\" data-e-type=\"widget\" data-widget_type=\"divider.default\">\n\t\t\t\t<div class=\"elementor-widget-container\">\n\t\t\t\t\t\t\t<div class=\"elementor-divider\">\n\t\t\t<span class=\"elementor-divider-separator\">\n\t\t\t\t\t\t<\/span>\n\t\t<\/div>\n\t\t\t\t\t\t<\/div>\n\t\t\t\t<\/div>\n\t\t\t\t<div class=\"elementor-element elementor-element-712837d9 elementor-widget elementor-widget-text-editor\" data-id=\"712837d9\" data-element_type=\"widget\" data-e-type=\"widget\" data-widget_type=\"text-editor.default\">\n\t\t\t\t<div class=\"elementor-widget-container\">\n\t\t\t\t\t\t\t\t\t<p>Reiner, dreifach destillierter Wacholderschnaps aus besten Wacholderbeeren, destilliert in Kupferkesseln aus dem letzten Jahrhundert.<\/p>\n<p>Eine unbezwingbare Leidenschaft und ein wildes Temperament, das seinesgleichen sucht. Denken Sie an einen Wald und die geheimnisvolle Frische einer klaren Quelle, die unter dem Bl\u00e4tterdach jahrhundertealter B\u00e4ume sprudelt.<\/p>\n\t\t\t\t\t\t\t\t<\/div>\n\t\t\t\t<\/div>\n\t\t\t\t\t<\/div>\n\t\t<\/div>\n\t\t\t\t<div class=\"elementor-column elementor-col-33 elementor-top-column elementor-element elementor-element-1ea2ec0e hover-bg\" data-id=\"1ea2ec0e\" data-element_type=\"column\" data-e-type=\"column\" data-settings=\"{&quot;background_background&quot;:&quot;classic&quot;}\">\n\t\t\t<div class=\"elementor-widget-wrap elementor-element-populated\">\n\t\t\t\t\t\t<div class=\"elementor-element elementor-element-29e28e37 elementor-widget elementor-widget-spacer\" data-id=\"29e28e37\" data-element_type=\"widget\" data-e-type=\"widget\" data-widget_type=\"spacer.default\">\n\t\t\t\t<div class=\"elementor-widget-container\">\n\t\t\t\t\t\t\t<div class=\"elementor-spacer\">\n\t\t\t<div class=\"elementor-spacer-inner\"><\/div>\n\t\t<\/div>\n\t\t\t\t\t\t<\/div>\n\t\t\t\t<\/div>\n\t\t\t\t\t<\/div>\n\t\t<\/div>\n\t\t\t\t<div class=\"elementor-column elementor-col-33 elementor-top-column elementor-element elementor-element-7703e363\" data-id=\"7703e363\" data-element_type=\"column\" data-e-type=\"column\" data-settings=\"{&quot;background_background&quot;:&quot;classic&quot;}\">\n\t\t\t<div class=\"elementor-widget-wrap elementor-element-populated\">\n\t\t\t\t\t\t<div class=\"elementor-element elementor-element-3dc70f18 elementor-widget elementor-widget-text-editor\" data-id=\"3dc70f18\" data-element_type=\"widget\" data-e-type=\"widget\" data-widget_type=\"text-editor.default\">\n\t\t\t\t<div class=\"elementor-widget-container\">\n\t\t\t\t\t\t\t\t\t<p><strong>ZUTATEN<\/strong>: Reiner Wacholderschnaps (dreimal destilliert) | nat\u00fcrliches Quellwasser<\/p>\n<p><strong>ALKOHOL:<\/strong> 42\u00a0%<\/p>\n<p><strong>QUALIT\u00c4T:<\/strong> Dreifach destillierter Wacholderschnaps von international anerkannter Qualit\u00e4t. Hergestellt aus Wacholder bester Qualit\u00e4t, der in unserer Destillerie schonend gereinigt und verarbeitet wird.<\/p>\n<p><strong>MENGE:<\/strong> 700\u00a0ml<\/p>\n\t\t\t\t\t\t\t\t<\/div>\n\t\t\t\t<\/div>\n\t\t\t\t\t<\/div>\n\t\t<\/div>\n\t\t\t\t\t<\/div>\n\t\t<\/section>\n\t\t\t\t<\/div>\n\t\t","protected":false},"excerpt":{"rendered":"<p>BIO Wacholderschnaps Traditionell, aber besonders. Reiner, dreifach destillierter Wacholderschnaps aus besten Wacholderbeeren, destilliert in Kupferkesseln aus dem letzten Jahrhundert. Eine unbezwingbare Leidenschaft und ein wildes Temperament, das seinesgleichen sucht. Denken Sie an einen Wald und die geheimnisvolle Frische einer klaren Quelle, die unter dem Bl\u00e4tterdach jahrhundertealter B\u00e4ume sprudelt. ZUTATEN: Reiner Wacholderschnaps (dreimal destilliert) | nat\u00fcrliches Quellwasser ALKOHOL: 42\u00a0% QUALIT\u00c4T: Dreifach destillierter Wacholderschnaps von international anerkannter Qualit\u00e4t. Hergestellt aus Wacholder bester Qualit\u00e4t, der in unserer Destillerie schonend gereinigt und verarbeitet wird. MENGE: 700\u00a0ml<\/p>\n","protected":false},"author":1,"featured_media":0,"parent":9237,"menu_order":0,"comment_status":"closed","ping_status":"closed","template":"","meta":{"_acf_changed":false,"_seopress_robots_primary_cat":"","_seopress_titles_title":"","_seopress_titles_desc":"","_seopress_robots_index":"","footnotes":""},"class_list":["post-9239","page","type-page","status-publish","hentry"],"acf":[],"_links":{"self":[{"href":"https:\/\/berryshka.com\/de\/wp-json\/wp\/v2\/pages\/9239","targetHints":{"allow":["GET"]}}],"collection":[{"href":"https:\/\/berryshka.com\/de\/wp-json\/wp\/v2\/pages"}],"about":[{"href":"https:\/\/berryshka.com\/de\/wp-json\/wp\/v2\/types\/page"}],"author":[{"embeddable":true,"href":"https:\/\/berryshka.com\/de\/wp-json\/wp\/v2\/users\/1"}],"replies":[{"embeddable":true,"href":"https:\/\/berryshka.com\/de\/wp-json\/wp\/v2\/comments?post=9239"}],"version-history":[{"count":1,"href":"https:\/\/berryshka.com\/de\/wp-json\/wp\/v2\/pages\/9239\/revisions"}],"predecessor-version":[{"id":9240,"href":"https:\/\/berryshka.com\/de\/wp-json\/wp\/v2\/pages\/9239\/revisions\/9240"}],"up":[{"embeddable":true,"href":"https:\/\/berryshka.com\/de\/wp-json\/wp\/v2\/pages\/9237"}],"wp:attachment":[{"href":"https:\/\/berryshka.com\/de\/wp-json\/wp\/v2\/media?parent=9239"}],"curies":[{"name":"wp","href":"https:\/\/api.w.org\/{rel}","templated":true}]}}