{"id":9237,"date":"2022-10-27T12:26:46","date_gmt":"2022-10-27T10:26:46","guid":{"rendered":"https:\/\/berryshka.com\/produkte\/wacholderschnaps\/"},"modified":"2022-10-27T12:27:20","modified_gmt":"2022-10-27T10:27:20","slug":"wacholderschnaps","status":"publish","type":"page","link":"https:\/\/berryshka.com\/de\/produkte\/wacholderschnaps\/","title":{"rendered":"Wacholderschnaps"},"content":{"rendered":"\t\t<div data-elementor-type=\"wp-page\" data-elementor-id=\"9237\" class=\"elementor elementor-9237 elementor-1373\" data-elementor-post-type=\"page\">\n\t\t\t\t\t\t<section class=\"elementor-section elementor-top-section elementor-element elementor-element-2b69b205 elementor-section-height-min-height elementor-section-stretched elementor-section-boxed elementor-section-height-default elementor-section-items-middle\" data-id=\"2b69b205\" data-element_type=\"section\" data-e-type=\"section\" data-settings=\"{&quot;stretch_section&quot;:&quot;section-stretched&quot;,&quot;background_background&quot;:&quot;slideshow&quot;,&quot;background_slideshow_gallery&quot;:[{&quot;id&quot;:&quot;1376&quot;,&quot;url&quot;:&quot;https:\\\/\\\/berryshka.com\\\/wp-content\\\/uploads\\\/2021\\\/04\\\/brinova-zganja-intro.jpg&quot;}],&quot;background_slideshow_loop&quot;:&quot;yes&quot;,&quot;background_slideshow_slide_duration&quot;:5000,&quot;background_slideshow_slide_transition&quot;:&quot;fade&quot;,&quot;background_slideshow_transition_duration&quot;:500}\">\n\t\t\t\t\t\t\t<div class=\"elementor-background-overlay\"><\/div>\n\t\t\t\t\t\t\t<div class=\"elementor-container elementor-column-gap-no\">\n\t\t\t\t\t<div class=\"elementor-column elementor-col-100 elementor-top-column elementor-element elementor-element-745f12b3\" data-id=\"745f12b3\" data-element_type=\"column\" data-e-type=\"column\">\n\t\t\t<div class=\"elementor-widget-wrap elementor-element-populated\">\n\t\t\t\t\t\t<div class=\"elementor-element elementor-element-1ff52cfc elementor-widget elementor-widget-heading\" data-id=\"1ff52cfc\" data-element_type=\"widget\" data-e-type=\"widget\" data-widget_type=\"heading.default\">\n\t\t\t\t<div class=\"elementor-widget-container\">\n\t\t\t\t\t<h2 class=\"elementor-heading-title elementor-size-default\">WACHOLDERSCHNAPS<\/h2>\t\t\t\t<\/div>\n\t\t\t\t<\/div>\n\t\t\t\t<div class=\"elementor-element elementor-element-446f065c elementor-widget elementor-widget-text-editor\" data-id=\"446f065c\" data-element_type=\"widget\" data-e-type=\"widget\" data-widget_type=\"text-editor.default\">\n\t\t\t\t<div class=\"elementor-widget-container\">\n\t\t\t\t\t\t\t\t\t<p>Eleganz, vielf\u00e4ltige Geschmackskombinationen und gewagte Kreationen aus nat\u00fcrlichen Zutaten.<\/p>\n\t\t\t\t\t\t\t\t<\/div>\n\t\t\t\t<\/div>\n\t\t\t\t\t<\/div>\n\t\t<\/div>\n\t\t\t\t\t<\/div>\n\t\t<\/section>\n\t\t\t\t<section class=\"elementor-section elementor-top-section elementor-element elementor-element-554036b4 elementor-section-boxed elementor-section-height-default elementor-section-height-default\" data-id=\"554036b4\" data-element_type=\"section\" data-e-type=\"section\">\n\t\t\t\t\t\t<div class=\"elementor-container elementor-column-gap-default\">\n\t\t\t\t\t<div class=\"elementor-column elementor-col-100 elementor-top-column elementor-element elementor-element-3d9c1fe4\" data-id=\"3d9c1fe4\" data-element_type=\"column\" data-e-type=\"column\">\n\t\t\t<div class=\"elementor-widget-wrap elementor-element-populated\">\n\t\t\t\t\t\t<div class=\"elementor-element elementor-element-4ce12c60 elementor-widget elementor-widget-text-editor\" data-id=\"4ce12c60\" data-element_type=\"widget\" data-e-type=\"widget\" data-widget_type=\"text-editor.default\">\n\t\t\t\t<div class=\"elementor-widget-container\">\n\t\t\t\t\t\t\t\t\t<p>Mit einem Herzen f\u00fcr die Natur.<br \/>In der Umarmung eines uralten Waldes kreieren wir erstklassige Aromen von international anerkannter Qualit\u00e4t, deren Zutaten sorgf\u00e4ltig ausgew\u00e4hlte Fr\u00fcchte unber\u00fchrter Natur sind.<\/p>\n<p><strong>Berryshka Spirituosen und Lik\u00f6re<\/strong> k\u00f6nnen nicht nur pur getrunken werden, sondern sind auch eine einzigartige und reichhaltige Wahl f\u00fcr die Zubereitung verschiedener Cocktails. Von den einfachsten, die Sie auf einer Heimparty f\u00fcr Ihre Freunde zubereiten, bis zu den komplexesten, die Sie in Ihrer Lieblingsbar genie\u00dfen.<\/p>\n<p>Lassen Sie sich auf ein Abenteuer ein und genie\u00dfen Sie die Aromen von Berryshka.<\/p>\n\t\t\t\t\t\t\t\t<\/div>\n\t\t\t\t<\/div>\n\t\t\t\t\t<\/div>\n\t\t<\/div>\n\t\t\t\t\t<\/div>\n\t\t<\/section>\n\t\t\t\t<section class=\"elementor-section elementor-top-section elementor-element elementor-element-2df35f0f elementor-section-full_width elementor-section-stretched elementor-section-height-default elementor-section-height-default\" data-id=\"2df35f0f\" data-element_type=\"section\" data-e-type=\"section\" data-settings=\"{&quot;stretch_section&quot;:&quot;section-stretched&quot;}\">\n\t\t\t\t\t\t<div class=\"elementor-container elementor-column-gap-default\">\n\t\t\t\t\t<div class=\"elementor-column elementor-col-20 elementor-top-column elementor-element elementor-element-3b43d776\" data-id=\"3b43d776\" data-element_type=\"column\" data-e-type=\"column\">\n\t\t\t<div class=\"elementor-widget-wrap elementor-element-populated\">\n\t\t\t\t\t\t<div class=\"elementor-element elementor-element-38354449 elementor-widget elementor-widget-banner\" data-id=\"38354449\" data-element_type=\"widget\" data-e-type=\"widget\" data-settings=\"{&quot;use_default_tags&quot;:&quot;no&quot;}\" data-widget_type=\"banner.default\">\n\t\t\t\t<div class=\"elementor-widget-container\">\n\t\t\t\t\t        <div id=\"banner-3117\" class=\"banner  cursor-pointer banner-type-2 et_image-with-hover et_image-hover-2 with-diagonal valign-bottom font-style-dark\" onclick=\"window.location='https:\/\/berryshka.com\/izdelki\/brinova-zganja\/brinjevec\/'\">\n\n\t\t\t\n\t\t\t\t<img decoding=\"async\" src=\"https:\/\/berryshka.com\/wp-content\/uploads\/2021\/01\/Berryshka-preloader-white.gif\" data-src=\"https:\/\/berryshka.com\/wp-content\/uploads\/elementor\/thumbs\/BioBrinjevec-scaled-phwefynvcv404baqlmnyug9w8nof19e3lbccbxgqrs.jpg\" title=\"BioBrinjevec\" alt=\"BioBrinjevec\" class=\"elementor-animation-  lazyload lazyload-simple et-lazyload-fadeIn\" loading=\"lazy\" \/>                <div class=\"banner-content \">\n\n\t\t\t\t\t<h2 class=\"banner-subtitle \"><span>Traditionell, aber besonders.<\/span><\/h2><h2 class=\"banner-title \"><span>BIO Wacholderschnaps<\/span><\/h2>                    <div class=\"content-inner\">\n\n\t\t\t\t\t\t\n                    <\/div>\n\t\t\t\t\t        <\/div>\n\n\t\t        <\/div>\n\n\t\t\t\t\t\t<\/div>\n\t\t\t\t<\/div>\n\t\t\t\t\t<\/div>\n\t\t<\/div>\n\t\t\t\t<div class=\"elementor-column elementor-col-20 elementor-top-column elementor-element elementor-element-d5daede\" data-id=\"d5daede\" data-element_type=\"column\" data-e-type=\"column\">\n\t\t\t<div class=\"elementor-widget-wrap elementor-element-populated\">\n\t\t\t\t\t\t<div class=\"elementor-element elementor-element-21e25f30 elementor-widget elementor-widget-banner\" data-id=\"21e25f30\" data-element_type=\"widget\" data-e-type=\"widget\" data-settings=\"{&quot;use_default_tags&quot;:&quot;no&quot;}\" data-widget_type=\"banner.default\">\n\t\t\t\t<div class=\"elementor-widget-container\">\n\t\t\t\t\t        <div id=\"banner-8469\" class=\"banner  cursor-pointer banner-type-2 et_image-with-hover et_image-hover-2 with-diagonal valign-bottom font-style-dark\" onclick=\"window.location='https:\/\/berryshka.com\/izdelki\/brinova-zganja\/bringin\/'\">\n\n\t\t\t\n\t\t\t\t<img decoding=\"async\" src=\"https:\/\/berryshka.com\/wp-content\/uploads\/2021\/01\/Berryshka-preloader-white.gif\" data-src=\"https:\/\/berryshka.com\/wp-content\/uploads\/elementor\/thumbs\/BrinGin-scaled-pi2nc7qq2e9q271g6a1ske2s9ma52sy9e1jlad2kco.jpg\" title=\"BrinGin\" alt=\"BrinGin\" class=\"elementor-animation-  lazyload lazyload-simple et-lazyload-fadeIn\" loading=\"lazy\" \/>                <div class=\"banner-content \">\n\n\t\t\t\t\t<h2 class=\"banner-subtitle \"><span>Absolut sagenhaft.<\/span><\/h2><h2 class=\"banner-title \"><span>Wacholder-Gin BrinGin <\/span><\/h2>                    <div class=\"content-inner\">\n\n\t\t\t\t\t\t\n                    <\/div>\n\t\t\t\t\t        <\/div>\n\n\t\t        <\/div>\n\n\t\t\t\t\t\t<\/div>\n\t\t\t\t<\/div>\n\t\t\t\t\t<\/div>\n\t\t<\/div>\n\t\t\t\t<div class=\"elementor-column elementor-col-20 elementor-top-column elementor-element elementor-element-2366c3e3\" data-id=\"2366c3e3\" data-element_type=\"column\" data-e-type=\"column\">\n\t\t\t<div class=\"elementor-widget-wrap elementor-element-populated\">\n\t\t\t\t\t\t<div class=\"elementor-element elementor-element-666a4c43 elementor-widget elementor-widget-banner\" data-id=\"666a4c43\" data-element_type=\"widget\" data-e-type=\"widget\" data-settings=\"{&quot;use_default_tags&quot;:&quot;no&quot;}\" data-widget_type=\"banner.default\">\n\t\t\t\t<div class=\"elementor-widget-container\">\n\t\t\t\t\t        <div id=\"banner-7889\" class=\"banner  cursor-pointer banner-type-2 et_image-with-hover et_image-hover-2 with-diagonal valign-bottom font-style-dark\" onclick=\"window.location='https:\/\/berryshka.com\/izdelki\/brinova-zganja\/brinovo-zganje-starano-v-hrastovem-sodu\/'\">\n\n\t\t\t\n\t\t\t\t<img decoding=\"async\" src=\"https:\/\/berryshka.com\/wp-content\/uploads\/2021\/01\/Berryshka-preloader-white.gif\" data-src=\"https:\/\/berryshka.com\/wp-content\/uploads\/elementor\/thumbs\/Brinjevec_Aged_3_years-scaled-pjvu0tuypnv1ns8fpzmemi2xlu343c4uq9ez6utll4.jpg\" title=\"Brinjevec_Aged_3_years\" alt=\"Brinjevec_Aged_3_years\" class=\"elementor-animation-  lazyload lazyload-simple et-lazyload-fadeIn\" loading=\"lazy\" \/>                <div class=\"banner-content \">\n\n\t\t\t\t\t<h2 class=\"banner-subtitle \"><span>Ein unvergesslicher Geschmack mit einem Hauch von Tradition in einer neuen Version<\/span><\/h2><h2 class=\"banner-title \"><span>Wacholderbrand im Eichenfass gereift<\/span><\/h2>                    <div class=\"content-inner\">\n\n\t\t\t\t\t\t\n                    <\/div>\n\t\t\t\t\t        <\/div>\n\n\t\t        <\/div>\n\n\t\t\t\t\t\t<\/div>\n\t\t\t\t<\/div>\n\t\t\t\t\t<\/div>\n\t\t<\/div>\n\t\t\t\t<div class=\"elementor-column elementor-col-20 elementor-top-column elementor-element elementor-element-2714d91\" data-id=\"2714d91\" data-element_type=\"column\" data-e-type=\"column\">\n\t\t\t<div class=\"elementor-widget-wrap elementor-element-populated\">\n\t\t\t\t\t\t<div class=\"elementor-element elementor-element-de9d13a elementor-widget elementor-widget-banner\" data-id=\"de9d13a\" data-element_type=\"widget\" data-e-type=\"widget\" data-settings=\"{&quot;use_default_tags&quot;:&quot;no&quot;}\" data-widget_type=\"banner.default\">\n\t\t\t\t<div class=\"elementor-widget-container\">\n\t\t\t\t\t        <div id=\"banner-6203\" class=\"banner  cursor-pointer banner-type-2 et_image-with-hover et_image-hover-2 with-diagonal valign-bottom font-style-dark\" onclick=\"window.location='https:\/\/berryshka.com\/izdelki\/brinova-zganja\/set-miniaturk-bar\/'\">\n\n\t\t\t\n\t\t\t\t<img decoding=\"async\" src=\"https:\/\/berryshka.com\/wp-content\/uploads\/2021\/01\/Berryshka-preloader-white.gif\" data-src=\"https:\/\/berryshka.com\/wp-content\/uploads\/elementor\/thumbs\/BERRYSHKA_zganje_SET-MINIATURK-BAR_4-p63bri3estdyv15603qkfr6dnw7k8tmq0zxb4f4yvc.jpg\" title=\"BERRYSHKA_\u017eganje_SET-MINIATURK-BAR_4\" alt=\"BERRYSHKA_\u017eganje_SET-MINIATURK-BAR_4\" class=\"elementor-animation-  lazyload lazyload-simple et-lazyload-fadeIn\" loading=\"lazy\" \/>                <div class=\"banner-content \">\n\n\t\t\t\t\t<h2 class=\"banner-subtitle \"><span>Spielen Sie mit den Aromen und genie\u00dfen Sie!<\/span><\/h2><h2 class=\"banner-title \"><span>Mini-Flaschen-Set Bar<\/span><\/h2>                    <div class=\"content-inner\">\n\n\t\t\t\t\t\t\n                    <\/div>\n\t\t\t\t\t        <\/div>\n\n\t\t        <\/div>\n\n\t\t\t\t\t\t<\/div>\n\t\t\t\t<\/div>\n\t\t\t\t\t<\/div>\n\t\t<\/div>\n\t\t\t\t<div class=\"elementor-column elementor-col-20 elementor-top-column elementor-element elementor-element-3a74e81\" data-id=\"3a74e81\" data-element_type=\"column\" data-e-type=\"column\">\n\t\t\t<div class=\"elementor-widget-wrap elementor-element-populated\">\n\t\t\t\t\t\t<div class=\"elementor-element elementor-element-71f3392 elementor-widget elementor-widget-banner\" data-id=\"71f3392\" data-element_type=\"widget\" data-e-type=\"widget\" data-settings=\"{&quot;use_default_tags&quot;:&quot;no&quot;}\" data-widget_type=\"banner.default\">\n\t\t\t\t<div class=\"elementor-widget-container\">\n\t\t\t\t\t        <div id=\"banner-7244\" class=\"banner  cursor-pointer banner-type-2 et_image-with-hover et_image-hover-2 with-diagonal valign-bottom font-style-dark\" onclick=\"window.location='https:\/\/berryshka.com\/izdelki\/brinova-zganja\/miniaturka\/'\">\n\n\t\t\t\n\t\t\t\t<img decoding=\"async\" src=\"https:\/\/berryshka.com\/wp-content\/uploads\/2021\/01\/Berryshka-preloader-white.gif\" data-src=\"https:\/\/berryshka.com\/wp-content\/uploads\/elementor\/thumbs\/BERRYSHKA_miniaturka_BRIN-GIN_50ml-p63brh5klzcojf6j5lbxv9ex2ic714izov9tn56d1k.jpg\" title=\"BERRYSHKA_miniaturka_BRIN-GIN_50ml\" alt=\"BERRYSHKA_miniaturka_BRIN-GIN_50ml\" class=\"elementor-animation-  lazyload lazyload-simple et-lazyload-fadeIn\" loading=\"lazy\" \/>                <div class=\"banner-content \">\n\n\t\t\t\t\t<h2 class=\"banner-subtitle \"><span>Eine niedliche Flasche, die fasziniert.<\/span><\/h2><h2 class=\"banner-title \"><span>Mini-Flasche <\/span><\/h2>                    <div class=\"content-inner\">\n\n\t\t\t\t\t\t\n                    <\/div>\n\t\t\t\t\t        <\/div>\n\n\t\t        <\/div>\n\n\t\t\t\t\t\t<\/div>\n\t\t\t\t<\/div>\n\t\t\t\t\t<\/div>\n\t\t<\/div>\n\t\t\t\t\t<\/div>\n\t\t<\/section>\n\t\t\t\t<\/div>\n\t\t","protected":false},"excerpt":{"rendered":"<p>WACHOLDERSCHNAPS Eleganz, vielf\u00e4ltige Geschmackskombinationen und gewagte Kreationen aus nat\u00fcrlichen Zutaten. Mit einem Herzen f\u00fcr die Natur.In der Umarmung eines uralten Waldes kreieren wir erstklassige Aromen von international anerkannter Qualit\u00e4t, deren Zutaten sorgf\u00e4ltig ausgew\u00e4hlte Fr\u00fcchte unber\u00fchrter Natur sind. Berryshka Spirituosen und Lik\u00f6re k\u00f6nnen nicht nur pur getrunken werden, sondern sind auch eine einzigartige und reichhaltige Wahl f\u00fcr die Zubereitung verschiedener Cocktails. Von den einfachsten, die Sie auf einer Heimparty f\u00fcr Ihre Freunde zubereiten, bis zu den komplexesten, die Sie in Ihrer Lieblingsbar genie\u00dfen. Lassen Sie sich auf ein Abenteuer ein und genie\u00dfen Sie die Aromen von Berryshka. Traditionell, aber besonders. BIO&#8230;<\/p>\n","protected":false},"author":1,"featured_media":0,"parent":8335,"menu_order":0,"comment_status":"closed","ping_status":"closed","template":"","meta":{"_acf_changed":false,"_seopress_robots_primary_cat":"","_seopress_titles_title":"","_seopress_titles_desc":"","_seopress_robots_index":"","footnotes":""},"class_list":["post-9237","page","type-page","status-publish","hentry"],"acf":[],"_links":{"self":[{"href":"https:\/\/berryshka.com\/de\/wp-json\/wp\/v2\/pages\/9237","targetHints":{"allow":["GET"]}}],"collection":[{"href":"https:\/\/berryshka.com\/de\/wp-json\/wp\/v2\/pages"}],"about":[{"href":"https:\/\/berryshka.com\/de\/wp-json\/wp\/v2\/types\/page"}],"author":[{"embeddable":true,"href":"https:\/\/berryshka.com\/de\/wp-json\/wp\/v2\/users\/1"}],"replies":[{"embeddable":true,"href":"https:\/\/berryshka.com\/de\/wp-json\/wp\/v2\/comments?post=9237"}],"version-history":[{"count":1,"href":"https:\/\/berryshka.com\/de\/wp-json\/wp\/v2\/pages\/9237\/revisions"}],"predecessor-version":[{"id":9238,"href":"https:\/\/berryshka.com\/de\/wp-json\/wp\/v2\/pages\/9237\/revisions\/9238"}],"up":[{"embeddable":true,"href":"https:\/\/berryshka.com\/de\/wp-json\/wp\/v2\/pages\/8335"}],"wp:attachment":[{"href":"https:\/\/berryshka.com\/de\/wp-json\/wp\/v2\/media?parent=9237"}],"curies":[{"name":"wp","href":"https:\/\/api.w.org\/{rel}","templated":true}]}}