{"id":9225,"date":"2022-10-27T12:26:45","date_gmt":"2022-10-27T10:26:45","guid":{"rendered":"https:\/\/berryshka.com\/produkte\/gin\/purfl-gin-navy-strength\/"},"modified":"2022-10-27T12:27:20","modified_gmt":"2022-10-27T10:27:20","slug":"purfl-gin-navy-strength","status":"publish","type":"page","link":"https:\/\/berryshka.com\/de\/produkte\/gin\/purfl-gin-navy-strength\/","title":{"rendered":"Purfl Gin (Navy Strength)"},"content":{"rendered":"\t\t<div data-elementor-type=\"wp-page\" data-elementor-id=\"9225\" class=\"elementor elementor-9225 elementor-1031\" data-elementor-post-type=\"page\">\n\t\t\t\t\t\t<section class=\"elementor-section elementor-top-section elementor-element elementor-element-5e8901bf elementor-section-stretched elementor-section-full_width elementor-section-content-middle elementor-section-height-default elementor-section-height-default\" data-id=\"5e8901bf\" data-element_type=\"section\" data-e-type=\"section\" data-settings=\"{&quot;stretch_section&quot;:&quot;section-stretched&quot;}\">\n\t\t\t\t\t\t<div class=\"elementor-container elementor-column-gap-no\">\n\t\t\t\t\t<div class=\"elementor-column elementor-col-33 elementor-top-column elementor-element elementor-element-5c591ed2\" data-id=\"5c591ed2\" data-element_type=\"column\" data-e-type=\"column\">\n\t\t\t<div class=\"elementor-widget-wrap elementor-element-populated\">\n\t\t\t\t\t\t<div class=\"elementor-element elementor-element-62c74191 elementor-widget elementor-widget-heading\" data-id=\"62c74191\" data-element_type=\"widget\" data-e-type=\"widget\" data-widget_type=\"heading.default\">\n\t\t\t\t<div class=\"elementor-widget-container\">\n\t\t\t\t\t<h2 class=\"elementor-heading-title elementor-size-default\">Purfl Gin (Navy Strength)<\/h2>\t\t\t\t<\/div>\n\t\t\t\t<\/div>\n\t\t\t\t<div class=\"elementor-element elementor-element-263e80d elementor-widget elementor-widget-text-editor\" data-id=\"263e80d\" data-element_type=\"widget\" data-e-type=\"widget\" data-widget_type=\"text-editor.default\">\n\t\t\t\t<div class=\"elementor-widget-container\">\n\t\t\t\t\t\t\t\t\t<p>Alte Geschichte \u2013 neue, blaue Ausf\u00fchrung.<\/p>\n\t\t\t\t\t\t\t\t<\/div>\n\t\t\t\t<\/div>\n\t\t\t\t<div class=\"elementor-element elementor-element-11de84d elementor-widget-divider--view-line elementor-widget elementor-widget-divider\" data-id=\"11de84d\" data-element_type=\"widget\" data-e-type=\"widget\" data-widget_type=\"divider.default\">\n\t\t\t\t<div class=\"elementor-widget-container\">\n\t\t\t\t\t\t\t<div class=\"elementor-divider\">\n\t\t\t<span class=\"elementor-divider-separator\">\n\t\t\t\t\t\t<\/span>\n\t\t<\/div>\n\t\t\t\t\t\t<\/div>\n\t\t\t\t<\/div>\n\t\t\t\t<div class=\"elementor-element elementor-element-eb4fc5 elementor-widget elementor-widget-text-editor\" data-id=\"eb4fc5\" data-element_type=\"widget\" data-e-type=\"widget\" data-widget_type=\"text-editor.default\">\n\t\t\t\t<div class=\"elementor-widget-container\">\n\t\t\t\t\t\t\t\t\t<p>Gin mit einer besonderen Geschichte. Eine Geschichte, die bis ins lange 18. Jahrhundert zur\u00fcckreicht, auf die Schiffe der englischen Marine, wo Schie\u00dfpulver und Gin mit 57\u00a0% Alkohol Pflichtausr\u00fcstung waren.<\/p>\n<p>Schon in der Idee f\u00fcr diesen Gin haben wir uns mit dem 18. Jahrhundert, der Marine, dem Schie\u00dfpulver oder \u201ePurfl\u201c verbunden und die Geschichte mit den richtigen Gew\u00fcrzen zu einem Ganzen abgerundet.<\/p>\n<p>Der Gin wird auf der Basis unseres London Dry Gins hergestellt, dem wir orange und blaue Farben hinzugef\u00fcgt haben, mit denen wir f\u00fcr echte Sommerfrische und Meereserinnerungen sorgen, wo immer wir sind.<\/p>\n\t\t\t\t\t\t\t\t<\/div>\n\t\t\t\t<\/div>\n\t\t\t\t\t<\/div>\n\t\t<\/div>\n\t\t\t\t<div class=\"elementor-column elementor-col-33 elementor-top-column elementor-element elementor-element-6a40697b hover-bg\" data-id=\"6a40697b\" data-element_type=\"column\" data-e-type=\"column\" data-settings=\"{&quot;background_background&quot;:&quot;classic&quot;}\">\n\t\t\t<div class=\"elementor-widget-wrap elementor-element-populated\">\n\t\t\t\t\t\t<div class=\"elementor-element elementor-element-669bec74 elementor-widget elementor-widget-spacer\" data-id=\"669bec74\" data-element_type=\"widget\" data-e-type=\"widget\" data-widget_type=\"spacer.default\">\n\t\t\t\t<div class=\"elementor-widget-container\">\n\t\t\t\t\t\t\t<div class=\"elementor-spacer\">\n\t\t\t<div class=\"elementor-spacer-inner\"><\/div>\n\t\t<\/div>\n\t\t\t\t\t\t<\/div>\n\t\t\t\t<\/div>\n\t\t\t\t\t<\/div>\n\t\t<\/div>\n\t\t\t\t<div class=\"elementor-column elementor-col-33 elementor-top-column elementor-element elementor-element-60932b06\" data-id=\"60932b06\" data-element_type=\"column\" data-e-type=\"column\" data-settings=\"{&quot;background_background&quot;:&quot;classic&quot;}\">\n\t\t\t<div class=\"elementor-widget-wrap elementor-element-populated\">\n\t\t\t\t\t\t<div class=\"elementor-element elementor-element-19531199 elementor-widget elementor-widget-text-editor\" data-id=\"19531199\" data-element_type=\"widget\" data-e-type=\"widget\" data-widget_type=\"text-editor.default\">\n\t\t\t\t<div class=\"elementor-widget-container\">\n\t\t\t\t\t\t\t\t\t<p><strong>ZUTATEN<\/strong>: Wasser | Alkohol | Kr\u00e4uter und Gew\u00fcrze | Zucker | Farbstoff: E133<\/p>\n<p><strong>ALKOHOL:<\/strong> 57\u00a0%<\/p>\n<p><strong>QUALIT\u00c4T:<\/strong> Hergestellt auf der Basis von Berryshka London Dry Gin, dem wir orange und blaue Farben hinzugef\u00fcgt haben, die seine Frische ausdr\u00fccken und Meereserinnerungen hervorrufen.<\/p>\n<p><strong>MENGE:<\/strong> 700\u00a0ml<\/p>\t\t\t\t\t\t\t\t<\/div>\n\t\t\t\t<\/div>\n\t\t\t\t\t<\/div>\n\t\t<\/div>\n\t\t\t\t\t<\/div>\n\t\t<\/section>\n\t\t\t\t<\/div>\n\t\t","protected":false},"excerpt":{"rendered":"<p>Purfl Gin (Navy Strength) Alte Geschichte \u2013 neue, blaue Ausf\u00fchrung. Gin mit einer besonderen Geschichte. Eine Geschichte, die bis ins lange 18. Jahrhundert zur\u00fcckreicht, auf die Schiffe der englischen Marine, wo Schie\u00dfpulver und Gin mit 57\u00a0% Alkohol Pflichtausr\u00fcstung waren. Schon in der Idee f\u00fcr diesen Gin haben wir uns mit dem 18. Jahrhundert, der Marine, dem Schie\u00dfpulver oder \u201ePurfl\u201c verbunden und die Geschichte mit den richtigen Gew\u00fcrzen zu einem Ganzen abgerundet. Der Gin wird auf der Basis unseres London Dry Gins hergestellt, dem wir orange und blaue Farben hinzugef\u00fcgt haben, mit denen wir f\u00fcr echte Sommerfrische und Meereserinnerungen sorgen, wo&#8230;<\/p>\n","protected":false},"author":1,"featured_media":0,"parent":8353,"menu_order":0,"comment_status":"closed","ping_status":"closed","template":"","meta":{"_acf_changed":false,"_seopress_robots_primary_cat":"","_seopress_titles_title":"","_seopress_titles_desc":"","_seopress_robots_index":"","footnotes":""},"class_list":["post-9225","page","type-page","status-publish","hentry"],"acf":[],"_links":{"self":[{"href":"https:\/\/berryshka.com\/de\/wp-json\/wp\/v2\/pages\/9225","targetHints":{"allow":["GET"]}}],"collection":[{"href":"https:\/\/berryshka.com\/de\/wp-json\/wp\/v2\/pages"}],"about":[{"href":"https:\/\/berryshka.com\/de\/wp-json\/wp\/v2\/types\/page"}],"author":[{"embeddable":true,"href":"https:\/\/berryshka.com\/de\/wp-json\/wp\/v2\/users\/1"}],"replies":[{"embeddable":true,"href":"https:\/\/berryshka.com\/de\/wp-json\/wp\/v2\/comments?post=9225"}],"version-history":[{"count":1,"href":"https:\/\/berryshka.com\/de\/wp-json\/wp\/v2\/pages\/9225\/revisions"}],"predecessor-version":[{"id":9226,"href":"https:\/\/berryshka.com\/de\/wp-json\/wp\/v2\/pages\/9225\/revisions\/9226"}],"up":[{"embeddable":true,"href":"https:\/\/berryshka.com\/de\/wp-json\/wp\/v2\/pages\/8353"}],"wp:attachment":[{"href":"https:\/\/berryshka.com\/de\/wp-json\/wp\/v2\/media?parent=9225"}],"curies":[{"name":"wp","href":"https:\/\/api.w.org\/{rel}","templated":true}]}}