{"id":9223,"date":"2022-10-27T12:26:44","date_gmt":"2022-10-27T10:26:44","guid":{"rendered":"https:\/\/berryshka.com\/produkte\/gin\/london-dry-gin\/"},"modified":"2022-10-27T12:27:20","modified_gmt":"2022-10-27T10:27:20","slug":"london-dry-gin","status":"publish","type":"page","link":"https:\/\/berryshka.com\/de\/produkte\/gin\/london-dry-gin\/","title":{"rendered":"London Dry Gin"},"content":{"rendered":"\t\t<div data-elementor-type=\"wp-page\" data-elementor-id=\"9223\" class=\"elementor elementor-9223 elementor-994\" data-elementor-post-type=\"page\">\n\t\t\t\t\t\t<section class=\"elementor-section elementor-top-section elementor-element elementor-element-644068cd elementor-section-stretched elementor-section-full_width elementor-section-content-middle elementor-section-height-default elementor-section-height-default\" data-id=\"644068cd\" data-element_type=\"section\" data-e-type=\"section\" data-settings=\"{&quot;stretch_section&quot;:&quot;section-stretched&quot;}\">\n\t\t\t\t\t\t<div class=\"elementor-container elementor-column-gap-no\">\n\t\t\t\t\t<div class=\"elementor-column elementor-col-33 elementor-top-column elementor-element elementor-element-7d3c1ae3\" data-id=\"7d3c1ae3\" data-element_type=\"column\" data-e-type=\"column\">\n\t\t\t<div class=\"elementor-widget-wrap elementor-element-populated\">\n\t\t\t\t\t\t<div class=\"elementor-element elementor-element-5b8c9125 elementor-widget elementor-widget-heading\" data-id=\"5b8c9125\" data-element_type=\"widget\" data-e-type=\"widget\" data-widget_type=\"heading.default\">\n\t\t\t\t<div class=\"elementor-widget-container\">\n\t\t\t\t\t<h2 class=\"elementor-heading-title elementor-size-default\">London Dry Gin<\/h2>\t\t\t\t<\/div>\n\t\t\t\t<\/div>\n\t\t\t\t<div class=\"elementor-element elementor-element-5124dfe elementor-widget elementor-widget-text-editor\" data-id=\"5124dfe\" data-element_type=\"widget\" data-e-type=\"widget\" data-widget_type=\"text-editor.default\">\n\t\t\t\t<div class=\"elementor-widget-container\">\n\t\t\t\t\t\t\t\t\t<p>Unersetzbarer erstklassiger Geschmack.<\/p>\n\t\t\t\t\t\t\t\t<\/div>\n\t\t\t\t<\/div>\n\t\t\t\t<div class=\"elementor-element elementor-element-28bc63ab elementor-widget-divider--view-line elementor-widget elementor-widget-divider\" data-id=\"28bc63ab\" data-element_type=\"widget\" data-e-type=\"widget\" data-widget_type=\"divider.default\">\n\t\t\t\t<div class=\"elementor-widget-container\">\n\t\t\t\t\t\t\t<div class=\"elementor-divider\">\n\t\t\t<span class=\"elementor-divider-separator\">\n\t\t\t\t\t\t<\/span>\n\t\t<\/div>\n\t\t\t\t\t\t<\/div>\n\t\t\t\t<\/div>\n\t\t\t\t<div class=\"elementor-element elementor-element-b24e6f8 elementor-widget elementor-widget-text-editor\" data-id=\"b24e6f8\" data-element_type=\"widget\" data-e-type=\"widget\" data-widget_type=\"text-editor.default\">\n\t\t\t\t<div class=\"elementor-widget-container\">\n\t\t\t\t\t\t\t\t\t<p>Berryshka London Dry Gin ist seit 2012 der erste international anerkannte slowenische Gin, da er damals seine ersten Anerkennungen und Auszeichnungen erhielt; seitdem wird jedes Jahr mit neuen Medaillen bewiesen, dass es sich um einen Gin der Spitzenklasse handelt. Sein Name steht f\u00fcr den Namen des Prozesses, wobei das Rezept bzw. das Verh\u00e4ltnis zwischen Alkohol und Kr\u00e4utern, ein Geheimnis des Brennmeisters bleibt.<\/p>\n\t\t\t\t\t\t\t\t<\/div>\n\t\t\t\t<\/div>\n\t\t\t\t\t<\/div>\n\t\t<\/div>\n\t\t\t\t<div class=\"elementor-column elementor-col-33 elementor-top-column elementor-element elementor-element-336cc221 hover-bg\" data-id=\"336cc221\" data-element_type=\"column\" data-e-type=\"column\" data-settings=\"{&quot;background_background&quot;:&quot;classic&quot;}\">\n\t\t\t<div class=\"elementor-widget-wrap elementor-element-populated\">\n\t\t\t\t\t\t<div class=\"elementor-element elementor-element-35134df8 elementor-widget elementor-widget-spacer\" data-id=\"35134df8\" data-element_type=\"widget\" data-e-type=\"widget\" data-widget_type=\"spacer.default\">\n\t\t\t\t<div class=\"elementor-widget-container\">\n\t\t\t\t\t\t\t<div class=\"elementor-spacer\">\n\t\t\t<div class=\"elementor-spacer-inner\"><\/div>\n\t\t<\/div>\n\t\t\t\t\t\t<\/div>\n\t\t\t\t<\/div>\n\t\t\t\t\t<\/div>\n\t\t<\/div>\n\t\t\t\t<div class=\"elementor-column elementor-col-33 elementor-top-column elementor-element elementor-element-68a228f\" data-id=\"68a228f\" data-element_type=\"column\" data-e-type=\"column\" data-settings=\"{&quot;background_background&quot;:&quot;classic&quot;}\">\n\t\t\t<div class=\"elementor-widget-wrap elementor-element-populated\">\n\t\t\t\t\t\t<div class=\"elementor-element elementor-element-ca83e8b elementor-widget elementor-widget-text-editor\" data-id=\"ca83e8b\" data-element_type=\"widget\" data-e-type=\"widget\" data-widget_type=\"text-editor.default\">\n\t\t\t\t<div class=\"elementor-widget-container\">\n\t\t\t\t\t\t\t\t\t<p><strong>ZUTATEN<\/strong>:&nbsp; Wacholderbeeren | Engelwurzwurzeln | Iris | Zimt | Lakritze | Kardamom | Anis | K\u00fcmmel | Zitrone | Koriander | Nat\u00fcrliches Quellwasser | Alkohol<\/p>\n<p><strong>ALKOHOL:<\/strong> 45\u00a0%<\/p>\n<p><strong>QUALIT\u00c4T:<\/strong> Der erste slowenische Gin von international anerkannter Qualit\u00e4t. Hergestellt nach dem Standard-London-Dry-Herstellungsverfahren, aus den besten ausgew\u00e4hlten Pflanzen und Wacholderbeeren von bester Qualit\u00e4t.<\/p>\n<p><strong>MENGE:<\/strong> 700\u00a0ml<\/p>\n\t\t\t\t\t\t\t\t<\/div>\n\t\t\t\t<\/div>\n\t\t\t\t\t<\/div>\n\t\t<\/div>\n\t\t\t\t\t<\/div>\n\t\t<\/section>\n\t\t\t\t<\/div>\n\t\t","protected":false},"excerpt":{"rendered":"<p>London Dry Gin Unersetzbarer erstklassiger Geschmack. Berryshka London Dry Gin ist seit 2012 der erste international anerkannte slowenische Gin, da er damals seine ersten Anerkennungen und Auszeichnungen erhielt; seitdem wird jedes Jahr mit neuen Medaillen bewiesen, dass es sich um einen Gin der Spitzenklasse handelt. Sein Name steht f\u00fcr den Namen des Prozesses, wobei das Rezept bzw. das Verh\u00e4ltnis zwischen Alkohol und Kr\u00e4utern, ein Geheimnis des Brennmeisters bleibt. ZUTATEN:&nbsp; Wacholderbeeren | Engelwurzwurzeln | Iris | Zimt | Lakritze | Kardamom | Anis | K\u00fcmmel | Zitrone | Koriander | Nat\u00fcrliches Quellwasser | Alkohol ALKOHOL: 45\u00a0% QUALIT\u00c4T: Der erste slowenische Gin&#8230;<\/p>\n","protected":false},"author":1,"featured_media":0,"parent":8353,"menu_order":0,"comment_status":"closed","ping_status":"closed","template":"","meta":{"_acf_changed":false,"_seopress_robots_primary_cat":"","_seopress_titles_title":"","_seopress_titles_desc":"","_seopress_robots_index":"","footnotes":""},"class_list":["post-9223","page","type-page","status-publish","hentry"],"acf":[],"_links":{"self":[{"href":"https:\/\/berryshka.com\/de\/wp-json\/wp\/v2\/pages\/9223","targetHints":{"allow":["GET"]}}],"collection":[{"href":"https:\/\/berryshka.com\/de\/wp-json\/wp\/v2\/pages"}],"about":[{"href":"https:\/\/berryshka.com\/de\/wp-json\/wp\/v2\/types\/page"}],"author":[{"embeddable":true,"href":"https:\/\/berryshka.com\/de\/wp-json\/wp\/v2\/users\/1"}],"replies":[{"embeddable":true,"href":"https:\/\/berryshka.com\/de\/wp-json\/wp\/v2\/comments?post=9223"}],"version-history":[{"count":1,"href":"https:\/\/berryshka.com\/de\/wp-json\/wp\/v2\/pages\/9223\/revisions"}],"predecessor-version":[{"id":9224,"href":"https:\/\/berryshka.com\/de\/wp-json\/wp\/v2\/pages\/9223\/revisions\/9224"}],"up":[{"embeddable":true,"href":"https:\/\/berryshka.com\/de\/wp-json\/wp\/v2\/pages\/8353"}],"wp:attachment":[{"href":"https:\/\/berryshka.com\/de\/wp-json\/wp\/v2\/media?parent=9223"}],"curies":[{"name":"wp","href":"https:\/\/api.w.org\/{rel}","templated":true}]}}