{"id":8350,"date":"2022-10-06T08:14:49","date_gmt":"2022-10-06T06:14:49","guid":{"rendered":"https:\/\/berryshka.com\/erlebnisse\/reservierung\/"},"modified":"2022-10-06T08:15:01","modified_gmt":"2022-10-06T06:15:01","slug":"reservierung","status":"publish","type":"page","link":"https:\/\/berryshka.com\/de\/erlebnisse\/reservierung\/","title":{"rendered":"Reservierung"},"content":{"rendered":"\t\t<div data-elementor-type=\"wp-page\" data-elementor-id=\"8350\" class=\"elementor elementor-8350 elementor-128\" data-elementor-post-type=\"page\">\n\t\t\t\t\t\t<section class=\"elementor-section elementor-top-section elementor-element elementor-element-85097dd elementor-section-full_width elementor-section-height-default elementor-section-height-default\" data-id=\"85097dd\" data-element_type=\"section\" data-e-type=\"section\">\n\t\t\t\t\t\t<div class=\"elementor-container elementor-column-gap-default\">\n\t\t\t\t\t<div class=\"elementor-column elementor-col-100 elementor-top-column elementor-element elementor-element-0a1555c\" data-id=\"0a1555c\" data-element_type=\"column\" data-e-type=\"column\">\n\t\t\t<div class=\"elementor-widget-wrap elementor-element-populated\">\n\t\t\t\t\t\t<div class=\"elementor-element elementor-element-3d30805 elementor-widget elementor-widget-text-editor\" data-id=\"3d30805\" data-element_type=\"widget\" data-e-type=\"widget\" data-widget_type=\"text-editor.default\">\n\t\t\t\t<div class=\"elementor-widget-container\">\n\t\t\t\t\t\t\t\t\t<h2>Reservierung einer F\u00fchrung durch die Destillerie und Schokoladenfabrik mit Verkostung.<\/h2>\n\t\t\t\t\t\t\t\t<\/div>\n\t\t\t\t<\/div>\n\t\t\t\t<div class=\"elementor-element elementor-element-aa06964 elementor-widget elementor-widget-shortcode\" data-id=\"aa06964\" data-element_type=\"widget\" data-e-type=\"widget\" data-widget_type=\"shortcode.default\">\n\t\t\t\t<div class=\"elementor-widget-container\">\n\t\t\t\t\t\t\t<div class=\"elementor-shortcode\"><!--\nPlugin Name: Bookly \u2013 Responsive WordPress Appointment Booking and Scheduling Plugin\nPlugin URI: https:\/\/www.booking-wp-plugin.com\/?utm_source=bookly_admin&utm_medium=plugins_page&utm_campaign=plugins_page\nVersion: 20.8-->\n    <style type=\"text\/css\">\n        \/* Color *\/\n        .bookly-form .bookly-form-group > label,\n        .bookly-form .bookly-label-error,\n        .bookly-form .bookly-progress-tracker > .active,\n        .bookly-form .picker__nav--next,\n        .bookly-form .pickadate__nav--prev,\n        .bookly-form .picker__day:hover,\n        .bookly-form .picker__day--selected:hover,\n        .bookly-form .picker--opened .picker__day--selected,\n        .bookly-form .picker__button--clear,\n        .bookly-form .picker__button--today,\n        .bookly-form .bookly-columnizer .bookly-hour span.bookly-waiting-list {\n            color: #d9255e !important;\n        }\n\n        \/* Background *\/\n        .bookly-form .bookly-progress-tracker > .active .step,\n        .bookly-form .picker__frame,\n        .bookly-form .bookly-service-step .bookly-week-days label,\n        .bookly-form .bookly-repeat-step .bookly-week-days label,\n        .bookly-form .bookly-columnizer .bookly-hour:active .bookly-hour-icon span,\n        .bookly-form .bookly-btn,\n        .bookly-form .bookly-btn:active,\n        .bookly-form .bookly-btn:focus,\n        .bookly-form .bookly-btn:hover,\n        .bookly-form .bookly-btn-submit,\n        .bookly-form .bookly-round,\n        .bookly-form .bookly-square,\n        .bookly-form .bookly-pagination > li.active {\n            background-color: #d9255e !important;\n        }\n\n        .bookly-form .bookly-triangle {\n            border-bottom-color: #d9255e !important;\n        }\n\n        \/* Border *\/\n        .bookly-form input[type=\"text\"].bookly-error,\n        .bookly-form input[type=\"password\"].bookly-error,\n        .bookly-form select.bookly-error,\n        .bookly-form textarea.bookly-error,\n        .bookly-extra-step div.bookly-extras-thumb.bookly-extras-selected {\n            border: 2px solid #d9255e !important;\n        }\n\n        \/* Other *\/\n        .bookly-form .picker__header {\n            border-bottom: 1px solid #d9255e !important;\n        }\n\n        .bookly-form .picker__nav--next:before {\n            border-left: 6px solid #d9255e !important;\n        }\n\n        .bookly-form .picker__nav--prev:before {\n            border-right: 6px solid #d9255e !important;\n        }\n\n        .bookly-form .bookly-service-step .bookly-week-days label.active, .bookly-form .bookly-repeat-step .bookly-week-days label.active {\n            background: #d9255e url(https:\/\/berryshka.com\/wp-content\/plugins\/bookly-responsive-appointment-booking-tool\/frontend\/resources\/images\/checkbox.png) 0 0 no-repeat !important;\n        }\n\n        .bookly-form .bookly-columnizer .bookly-day, .bookly-form .bookly-schedule-date {\n            background: #d9255e !important;\n            border: 1px solid #d9255e !important;\n        }\n\n        .bookly-form .bookly-pagination > li.active a {\n            border: 1px solid #d9255e !important;\n        }\n\n        .bookly-form .bookly-columnizer .bookly-hour:active {\n            border: 2px solid #d9255e !important;\n            color: #d9255e !important;\n        }\n\n        .bookly-form .bookly-columnizer .bookly-hour:active .bookly-hour-icon {\n            background: none;\n            border: 2px solid #d9255e !important;\n            color: #d9255e !important;\n            width: auto;\n            height: auto;\n            padding: 3px;\n            border-radius: 25px;\n            margin-right: 3px;\n        }\n\n        .bookly-form .bookly-columnizer .bookly-hour:active .bookly-hour-icon span {\n            background-color: #d9255e !important;\n            width: 8px;\n            height: 8px;\n            border-radius: 10px;\n            display: block;\n        }\n\n        @media (hover) {\n            .bookly-form .bookly-columnizer .bookly-hour:hover {\n                border: 2px solid #d9255e !important;\n                color: #d9255e !important;\n            }\n\n            .bookly-form .bookly-columnizer .bookly-hour:hover .bookly-hour-icon {\n                background: none;\n                border: 2px solid #d9255e !important;\n                color: #d9255e !important;\n            }\n\n            .bookly-form .bookly-columnizer .bookly-hour:hover .bookly-hour-icon span {\n                background-color: #d9255e !important;\n            }\n        }\n    <\/style>\n\n<div id=\"bookly-form-69fddc22997a2\" class=\"bookly-form\" data-form_id=\"69fddc22997a2\">\n    <div style=\"text-align: center\"><img decoding=\"async\" src=\"https:\/\/berryshka.com\/wp-includes\/js\/tinymce\/skins\/lightgray\/img\/loader.gif\" alt=\"Wird geladen ...\"\/><\/div>\n<\/div>\n<script type=\"text\/javascript\">\n    (function (win, fn) {\n        var done = false, top = true,\n            doc = win.document,\n            root = doc.documentElement,\n            modern = doc.addEventListener,\n            add = modern ? 'addEventListener' : 'attachEvent',\n            rem = modern ? 'removeEventListener' : 'detachEvent',\n            pre = modern ? '' : 'on',\n            init = function(e) {\n                if (e.type == 'readystatechange') if (doc.readyState != 'complete') return;\n                (e.type == 'load' ? win : doc)[rem](pre + e.type, init, false);\n                if (!done) { done = true; fn.call(win, e.type || e); }\n            },\n            poll = function() {\n                try { root.doScroll('left'); } catch(e) { setTimeout(poll, 50); return; }\n                init('poll');\n            };\n        if (doc.readyState == 'complete') fn.call(win, 'lazy');\n        else {\n            if (!modern) if (root.doScroll) {\n                try { top = !win.frameElement; } catch(e) { }\n                if (top) poll();\n            }\n            doc[add](pre + 'DOMContentLoaded', init, false);\n            doc[add](pre + 'readystatechange', init, false);\n            win[add](pre + 'load', init, false);\n        }\n    })(window, function() {\n        window.bookly( {\"form_id\":\"69fddc22997a2\",\"status\":{\"booking\":\"new\"},\"skip_steps\":{\"service_part1\":0,\"service_part2\":1,\"extras\":1,\"time\":0,\"repeat\":1,\"cart\":1},\"errors\":{\"session_error\":\"Session-Fehler.\",\"form_id_error\":\"Formular-ID Fehler.\",\"cart_item_not_available\":\"Izbrani \\u010das ni ve\\u010d na voljo. Izberite drugo \\u010dasovno obdobje.\",\"pay_locally_not_available\":\"Vor Ort zahlen ist nicht verf\\u00fcgbar.\",\"invalid_gateway\":\"Ung\\u00fcltiger Zugang.\",\"payment_error\":\"Fehler.\",\"incorrect_username_password\":\"Der Benutzername oder das Passwort ist falsch.\"},\"form_attributes\":{\"hide_categories\":true,\"hide_services\":true,\"hide_staff_members\":true,\"show_number_of_persons\":true,\"hide_service_duration\":true,\"hide_locations\":true,\"hide_quantity\":true,\"hide_date\":true,\"hide_week_days\":true,\"hide_time_range\":true},\"use_client_time_zone\":0,\"firstDay\":1,\"date_format\":\"d. mmmm yyyy\",\"defaults\":{\"service_id\":1,\"staff_id\":0,\"location_id\":0,\"category_id\":0},\"facebook\":{\"enabled\":0,\"appId\":\"\"}} );\n    });\n<\/script><\/div>\n\t\t\t\t\t\t<\/div>\n\t\t\t\t<\/div>\n\t\t\t\t\t<\/div>\n\t\t<\/div>\n\t\t\t\t\t<\/div>\n\t\t<\/section>\n\t\t\t\t<section class=\"elementor-section elementor-top-section elementor-element elementor-element-4d24d24 elementor-section-boxed elementor-section-height-default elementor-section-height-default\" data-id=\"4d24d24\" data-element_type=\"section\" data-e-type=\"section\" data-settings=\"{&quot;background_background&quot;:&quot;classic&quot;}\">\n\t\t\t\t\t\t<div class=\"elementor-container elementor-column-gap-default\">\n\t\t\t\t\t<div class=\"elementor-column elementor-col-100 elementor-top-column elementor-element elementor-element-ce17a28\" data-id=\"ce17a28\" data-element_type=\"column\" data-e-type=\"column\">\n\t\t\t<div class=\"elementor-widget-wrap elementor-element-populated\">\n\t\t\t\t\t\t<div class=\"elementor-element elementor-element-0c5b5b1 elementor-widget elementor-widget-text-editor\" data-id=\"0c5b5b1\" data-element_type=\"widget\" data-e-type=\"widget\" data-widget_type=\"text-editor.default\">\n\t\t\t\t<div class=\"elementor-widget-container\">\n\t\t\t\t\t\t\t\t\t<h2>F\u00fcr gr\u00f6\u00dfere Gruppen bieten wir auch Sondertermine an<\/h2>\n<p>F\u00fchrungen sind nur ab 12 Personen m\u00f6glich, auch au\u00dferhalb bestimmter Zeiten, nach vorheriger Absprache per Telefon oder E-Mail.<\/p>\n\t\t\t\t\t\t\t\t<\/div>\n\t\t\t\t<\/div>\n\t\t\t\t<div class=\"elementor-element elementor-element-e2cc3dc elementor-widget elementor-widget-button\" data-id=\"e2cc3dc\" data-element_type=\"widget\" data-e-type=\"widget\" data-widget_type=\"button.default\">\n\t\t\t\t<div class=\"elementor-widget-container\">\n\t\t\t\t\t\t\t\t\t<div class=\"elementor-button-wrapper\">\n\t\t\t\t\t<a class=\"elementor-button elementor-button-link elementor-size-sm\" href=\"https:\/\/berryshka.com\/kontakt-ekipa\/\">\n\t\t\t\t\t\t<span class=\"elementor-button-content-wrapper\">\n\t\t\t\t\t\t\t\t\t<span class=\"elementor-button-text\">ANFRAGE SENDEN<\/span>\n\t\t\t\t\t<\/span>\n\t\t\t\t\t<\/a>\n\t\t\t\t<\/div>\n\t\t\t\t\t\t\t\t<\/div>\n\t\t\t\t<\/div>\n\t\t\t\t\t<\/div>\n\t\t<\/div>\n\t\t\t\t\t<\/div>\n\t\t<\/section>\n\t\t\t\t<\/div>\n\t\t","protected":false},"excerpt":{"rendered":"<p>Reservierung einer F\u00fchrung durch die Destillerie und Schokoladenfabrik mit Verkostung. F\u00fcr gr\u00f6\u00dfere Gruppen bieten wir auch Sondertermine an F\u00fchrungen sind nur ab 12 Personen m\u00f6glich, auch au\u00dferhalb bestimmter Zeiten, nach vorheriger Absprache per Telefon oder E-Mail. ANFRAGE SENDEN<\/p>\n","protected":false},"author":1,"featured_media":0,"parent":8337,"menu_order":0,"comment_status":"closed","ping_status":"closed","template":"","meta":{"_acf_changed":false,"_seopress_robots_primary_cat":"","_seopress_titles_title":"","_seopress_titles_desc":"","_seopress_robots_index":"","footnotes":""},"class_list":["post-8350","page","type-page","status-publish","hentry"],"acf":[],"_links":{"self":[{"href":"https:\/\/berryshka.com\/de\/wp-json\/wp\/v2\/pages\/8350","targetHints":{"allow":["GET"]}}],"collection":[{"href":"https:\/\/berryshka.com\/de\/wp-json\/wp\/v2\/pages"}],"about":[{"href":"https:\/\/berryshka.com\/de\/wp-json\/wp\/v2\/types\/page"}],"author":[{"embeddable":true,"href":"https:\/\/berryshka.com\/de\/wp-json\/wp\/v2\/users\/1"}],"replies":[{"embeddable":true,"href":"https:\/\/berryshka.com\/de\/wp-json\/wp\/v2\/comments?post=8350"}],"version-history":[{"count":1,"href":"https:\/\/berryshka.com\/de\/wp-json\/wp\/v2\/pages\/8350\/revisions"}],"predecessor-version":[{"id":8352,"href":"https:\/\/berryshka.com\/de\/wp-json\/wp\/v2\/pages\/8350\/revisions\/8352"}],"up":[{"embeddable":true,"href":"https:\/\/berryshka.com\/de\/wp-json\/wp\/v2\/pages\/8337"}],"wp:attachment":[{"href":"https:\/\/berryshka.com\/de\/wp-json\/wp\/v2\/media?parent=8350"}],"curies":[{"name":"wp","href":"https:\/\/api.w.org\/{rel}","templated":true}]}}