{"id":8338,"date":"2022-10-06T08:14:43","date_gmt":"2022-10-06T06:14:43","guid":{"rendered":"https:\/\/berryshka.com\/adoptiere-ein-fass\/"},"modified":"2022-10-06T08:15:00","modified_gmt":"2022-10-06T06:15:00","slug":"adoptiere-ein-fass","status":"publish","type":"page","link":"https:\/\/berryshka.com\/de\/adoptiere-ein-fass\/","title":{"rendered":"Adoptiere ein Fass"},"content":{"rendered":"\t\t<div data-elementor-type=\"wp-page\" data-elementor-id=\"8338\" class=\"elementor elementor-8338 elementor-114\" data-elementor-post-type=\"page\">\n\t\t\t\t\t\t<section class=\"elementor-section elementor-top-section elementor-element elementor-element-17d973b9 elementor-section-full_width elementor-section-height-min-height elementor-section-stretched elementor-section-height-default elementor-section-items-middle\" data-id=\"17d973b9\" data-element_type=\"section\" data-e-type=\"section\" data-settings=\"{&quot;stretch_section&quot;:&quot;section-stretched&quot;,&quot;background_background&quot;:&quot;classic&quot;}\">\n\t\t\t\t\t\t<div class=\"elementor-container elementor-column-gap-default\">\n\t\t\t\t\t<div class=\"elementor-column elementor-col-100 elementor-top-column elementor-element elementor-element-466230d8\" data-id=\"466230d8\" data-element_type=\"column\" data-e-type=\"column\">\n\t\t\t<div class=\"elementor-widget-wrap elementor-element-populated\">\n\t\t\t\t\t\t<div class=\"elementor-element elementor-element-73dcae63 elementor-widget elementor-widget-heading\" data-id=\"73dcae63\" data-element_type=\"widget\" data-e-type=\"widget\" data-widget_type=\"heading.default\">\n\t\t\t\t<div class=\"elementor-widget-container\">\n\t\t\t\t\t<h1 class=\"elementor-heading-title elementor-size-default\">ADOPTIERE EIN FASS<\/h1>\t\t\t\t<\/div>\n\t\t\t\t<\/div>\n\t\t\t\t<div class=\"elementor-element elementor-element-f133feb elementor-widget elementor-widget-text-editor\" data-id=\"f133feb\" data-element_type=\"widget\" data-e-type=\"widget\" data-widget_type=\"text-editor.default\">\n\t\t\t\t<div class=\"elementor-widget-container\">\n\t\t\t\t\t\t\t\t\t<p>Nutzen Sie diese einmalige Gelegenheit und werden Sie Besitzer eines der ersten gef\u00fcllten F\u00e4sser und schlie\u00dfen Sie sich der Gruppe der slowenischen Whiskyliebhaber an.<\/p>\n\t\t\t\t\t\t\t\t<\/div>\n\t\t\t\t<\/div>\n\t\t\t\t\t<\/div>\n\t\t<\/div>\n\t\t\t\t\t<\/div>\n\t\t<\/section>\n\t\t\t\t<section class=\"elementor-section elementor-top-section elementor-element elementor-element-4fb1ef49 elementor-section-stretched elementor-section-boxed elementor-section-height-default elementor-section-height-default elementor-invisible\" data-id=\"4fb1ef49\" data-element_type=\"section\" data-e-type=\"section\" data-settings=\"{&quot;animation&quot;:&quot;fadeInUp&quot;,&quot;stretch_section&quot;:&quot;section-stretched&quot;}\">\n\t\t\t\t\t\t<div class=\"elementor-container elementor-column-gap-extended\">\n\t\t\t\t\t<div class=\"elementor-column elementor-col-16 elementor-top-column elementor-element elementor-element-3cd31cc0 elementor-hidden-tablet elementor-hidden-phone\" data-id=\"3cd31cc0\" data-element_type=\"column\" data-e-type=\"column\">\n\t\t\t<div class=\"elementor-widget-wrap\">\n\t\t\t\t\t\t\t<\/div>\n\t\t<\/div>\n\t\t\t\t<div class=\"elementor-column elementor-col-66 elementor-top-column elementor-element elementor-element-2166d357\" data-id=\"2166d357\" data-element_type=\"column\" data-e-type=\"column\">\n\t\t\t<div class=\"elementor-widget-wrap\">\n\t\t\t\t\t\t\t<\/div>\n\t\t<\/div>\n\t\t\t\t<div class=\"elementor-column elementor-col-16 elementor-top-column elementor-element elementor-element-5e5b1536 elementor-hidden-tablet elementor-hidden-phone\" data-id=\"5e5b1536\" data-element_type=\"column\" data-e-type=\"column\">\n\t\t\t<div class=\"elementor-widget-wrap\">\n\t\t\t\t\t\t\t<\/div>\n\t\t<\/div>\n\t\t\t\t\t<\/div>\n\t\t<\/section>\n\t\t\t\t<section class=\"elementor-section elementor-top-section elementor-element elementor-element-2ba08ca0 elementor-section-stretched elementor-section-boxed elementor-section-height-default elementor-section-height-default elementor-invisible\" data-id=\"2ba08ca0\" data-element_type=\"section\" data-e-type=\"section\" id=\"kakovost\" data-settings=\"{&quot;background_background&quot;:&quot;classic&quot;,&quot;animation&quot;:&quot;fadeInUp&quot;,&quot;stretch_section&quot;:&quot;section-stretched&quot;}\">\n\t\t\t\t\t\t<div class=\"elementor-container elementor-column-gap-default\">\n\t\t\t\t\t<div class=\"elementor-column elementor-col-25 elementor-top-column elementor-element elementor-element-12b51c56\" data-id=\"12b51c56\" data-element_type=\"column\" data-e-type=\"column\">\n\t\t\t<div class=\"elementor-widget-wrap\">\n\t\t\t\t\t\t\t<\/div>\n\t\t<\/div>\n\t\t\t\t<div class=\"elementor-column elementor-col-50 elementor-top-column elementor-element elementor-element-35034f75\" data-id=\"35034f75\" data-element_type=\"column\" data-e-type=\"column\" data-settings=\"{&quot;background_background&quot;:&quot;classic&quot;}\">\n\t\t\t<div class=\"elementor-widget-wrap elementor-element-populated\">\n\t\t\t\t\t\t<div class=\"elementor-element elementor-element-24b50fb5 elementor-widget elementor-widget-heading\" data-id=\"24b50fb5\" data-element_type=\"widget\" data-e-type=\"widget\" data-widget_type=\"heading.default\">\n\t\t\t\t<div class=\"elementor-widget-container\">\n\t\t\t\t\t<h3 class=\"elementor-heading-title elementor-size-default\">Unsere Idee<\/h3>\t\t\t\t<\/div>\n\t\t\t\t<\/div>\n\t\t\t\t<div class=\"elementor-element elementor-element-3eceb3d3 elementor-widget elementor-widget-text-editor\" data-id=\"3eceb3d3\" data-element_type=\"widget\" data-e-type=\"widget\" data-widget_type=\"text-editor.default\">\n\t\t\t\t<div class=\"elementor-widget-container\">\n\t\t\t\t\t\t\t\t\t<p>Wir wollen in unserem Unternehmen einer der f\u00fchrenden Hersteller hochwertiger Produkte im Segment der alkoholischen Getr\u00e4nke werden und dabei dem Verbraucher mitteilen, dass es darauf ankommt <strong>Qualit\u00e4tsprodukte<\/strong> zu verwenden. Deshalb versuchen Wir seit vielen Jahren, jedes Produkt sorgf\u00e4ltig zu planen und all unser <strong>Wissen<\/strong> hineinzustecken, wobei wir bei der Produktion nur <strong>die besten und nat\u00fcrlichen Rohstoffe<\/strong> w\u00e4hlen.<\/p>\n<p>Unser langfristiges Ziel ist es, Slowenien auf die Landkarte der Whisky produzierenden L\u00e4nder zu setzen. Die Grundidee und Leitlinie waren, es zu schaffen den <strong>ersten slowenischen Whisky<\/strong> herzustellen, der vollst\u00e4ndig aus slowenischen Rohstoffen besteht. Deshalb verwenden wir ausschlie\u00dflich Gerste <strong>von heimischen Produzenten<\/strong>, aus dem wir den Grundrohstoff, Gerstenmalz selbst herstellen. Auch alle anderen Prozesse wie Fermentation, Destillation und Reifung des Whiskys finden unter strenger Aufsicht des <strong>Brennmeisters<\/strong> in den R\u00e4umlichkeiten unserer Destillerie statt.<\/p>\n\t\t\t\t\t\t\t\t<\/div>\n\t\t\t\t<\/div>\n\t\t\t\t\t<\/div>\n\t\t<\/div>\n\t\t\t\t<div class=\"elementor-column elementor-col-25 elementor-top-column elementor-element elementor-element-607900fa\" data-id=\"607900fa\" data-element_type=\"column\" data-e-type=\"column\">\n\t\t\t<div class=\"elementor-widget-wrap\">\n\t\t\t\t\t\t\t<\/div>\n\t\t<\/div>\n\t\t\t\t\t<\/div>\n\t\t<\/section>\n\t\t\t\t<section class=\"elementor-section elementor-top-section elementor-element elementor-element-577e0c30 elementor-section-stretched elementor-section-boxed elementor-section-height-default elementor-section-height-default elementor-invisible\" data-id=\"577e0c30\" data-element_type=\"section\" data-e-type=\"section\" data-settings=\"{&quot;animation&quot;:&quot;fadeInUp&quot;,&quot;stretch_section&quot;:&quot;section-stretched&quot;}\">\n\t\t\t\t\t\t<div class=\"elementor-container elementor-column-gap-extended\">\n\t\t\t\t\t<div class=\"elementor-column elementor-col-16 elementor-top-column elementor-element elementor-element-597643f8 elementor-hidden-tablet elementor-hidden-phone\" data-id=\"597643f8\" data-element_type=\"column\" data-e-type=\"column\">\n\t\t\t<div class=\"elementor-widget-wrap\">\n\t\t\t\t\t\t\t<\/div>\n\t\t<\/div>\n\t\t\t\t<div class=\"elementor-column elementor-col-66 elementor-top-column elementor-element elementor-element-7712411e\" data-id=\"7712411e\" data-element_type=\"column\" data-e-type=\"column\">\n\t\t\t<div class=\"elementor-widget-wrap elementor-element-populated\">\n\t\t\t\t\t\t<section class=\"elementor-section elementor-inner-section elementor-element elementor-element-608255c4 elementor-section-boxed elementor-section-height-default elementor-section-height-default\" data-id=\"608255c4\" data-element_type=\"section\" data-e-type=\"section\">\n\t\t\t\t\t\t<div class=\"elementor-container elementor-column-gap-default\">\n\t\t\t\t\t<div class=\"elementor-column elementor-col-100 elementor-inner-column elementor-element elementor-element-1d654d5b\" data-id=\"1d654d5b\" data-element_type=\"column\" data-e-type=\"column\">\n\t\t\t<div class=\"elementor-widget-wrap elementor-element-populated\">\n\t\t\t\t\t\t<div class=\"elementor-element elementor-element-481e9179 elementor-widget elementor-widget-image\" data-id=\"481e9179\" data-element_type=\"widget\" data-e-type=\"widget\" data-widget_type=\"image.default\">\n\t\t\t\t<div class=\"elementor-widget-container\">\n\t\t\t\t\t\t\t\t\t\t\t\t\t\t\t<img fetchpriority=\"high\" decoding=\"async\" width=\"1100\" height=\"733\" src=\"https:\/\/berryshka.com\/wp-content\/uploads\/2021\/01\/Berryshka-preloader-white.gif\" class=\"attachment-full size-full wp-image-7539 lazyload lazyload-simple et-lazyload-fadeIn\" alt=\"\" sizes=\"(max-width: 1100px) 100vw, 1100px\" data-src=\"https:\/\/berryshka.com\/wp-content\/uploads\/2021\/08\/mojster-destilacije-samo-kenda-1100.jpg\" data-srcset=\"https:\/\/berryshka.com\/wp-content\/uploads\/2021\/08\/mojster-destilacije-samo-kenda-1100.jpg 1100w, https:\/\/berryshka.com\/wp-content\/uploads\/2021\/08\/mojster-destilacije-samo-kenda-1100-300x200.jpg 300w, https:\/\/berryshka.com\/wp-content\/uploads\/2021\/08\/mojster-destilacije-samo-kenda-1100-1024x682.jpg 1024w, https:\/\/berryshka.com\/wp-content\/uploads\/2021\/08\/mojster-destilacije-samo-kenda-1100-768x512.jpg 768w, https:\/\/berryshka.com\/wp-content\/uploads\/2021\/08\/mojster-destilacije-samo-kenda-1100-1x1.jpg 1w, https:\/\/berryshka.com\/wp-content\/uploads\/2021\/08\/mojster-destilacije-samo-kenda-1100-10x7.jpg 10w, https:\/\/berryshka.com\/wp-content\/uploads\/2021\/08\/mojster-destilacije-samo-kenda-1100-600x400.jpg 600w\" \/>\t\t\t\t\t\t\t\t\t\t\t\t\t\t\t<\/div>\n\t\t\t\t<\/div>\n\t\t\t\t\t<\/div>\n\t\t<\/div>\n\t\t\t\t\t<\/div>\n\t\t<\/section>\n\t\t\t\t\t<\/div>\n\t\t<\/div>\n\t\t\t\t<div class=\"elementor-column elementor-col-16 elementor-top-column elementor-element elementor-element-1e444bdc elementor-hidden-tablet elementor-hidden-phone\" data-id=\"1e444bdc\" data-element_type=\"column\" data-e-type=\"column\">\n\t\t\t<div class=\"elementor-widget-wrap\">\n\t\t\t\t\t\t\t<\/div>\n\t\t<\/div>\n\t\t\t\t\t<\/div>\n\t\t<\/section>\n\t\t\t\t<section class=\"elementor-section elementor-top-section elementor-element elementor-element-290929a0 elementor-section-stretched elementor-section-boxed elementor-section-height-default elementor-section-height-default elementor-invisible\" data-id=\"290929a0\" data-element_type=\"section\" data-e-type=\"section\" id=\"kakovost\" data-settings=\"{&quot;background_background&quot;:&quot;classic&quot;,&quot;animation&quot;:&quot;fadeInUp&quot;,&quot;stretch_section&quot;:&quot;section-stretched&quot;}\">\n\t\t\t\t\t\t<div class=\"elementor-container elementor-column-gap-default\">\n\t\t\t\t\t<div class=\"elementor-column elementor-col-25 elementor-top-column elementor-element elementor-element-100b9afc\" data-id=\"100b9afc\" data-element_type=\"column\" data-e-type=\"column\">\n\t\t\t<div class=\"elementor-widget-wrap\">\n\t\t\t\t\t\t\t<\/div>\n\t\t<\/div>\n\t\t\t\t<div class=\"elementor-column elementor-col-50 elementor-top-column elementor-element elementor-element-d3aa4c3\" data-id=\"d3aa4c3\" data-element_type=\"column\" data-e-type=\"column\" data-settings=\"{&quot;background_background&quot;:&quot;classic&quot;}\">\n\t\t\t<div class=\"elementor-widget-wrap elementor-element-populated\">\n\t\t\t\t\t\t<div class=\"elementor-element elementor-element-5ddbc952 elementor-widget elementor-widget-heading\" data-id=\"5ddbc952\" data-element_type=\"widget\" data-e-type=\"widget\" data-widget_type=\"heading.default\">\n\t\t\t\t<div class=\"elementor-widget-container\">\n\t\t\t\t\t<h3 class=\"elementor-heading-title elementor-size-default\">Herr Samo Kenda \u2013 Brennmeister<\/h3>\t\t\t\t<\/div>\n\t\t\t\t<\/div>\n\t\t\t\t<div class=\"elementor-element elementor-element-113c7931 elementor-widget elementor-widget-text-editor\" data-id=\"113c7931\" data-element_type=\"widget\" data-e-type=\"widget\" data-widget_type=\"text-editor.default\">\n\t\t\t\t<div class=\"elementor-widget-container\">\n\t\t\t\t\t\t\t\t\t<p>\u201eEinen Whisky herzustellen, der die Erwartungen in allen Bereichen \u00fcbertrifft, ist definitiv keine leichte Aufgabe. Allerdings war es schon immer mein pers\u00f6nlicher Wunsch und Ziel, slowenischen Whisky herzustellen. Also krempelte ich meine \u00c4rmel hoch und machte mich an die Arbeit.\u201c<\/p>\n<p>Herr Samo Kenda, unser Brennmeister, erhielt diesen Titel durch sein Studium an der Spirits Academy unter der Leitung von Frau Majda Debevc, wo er viel Wissen \u00fcber Whisky und andere alkoholische Getr\u00e4nke erlangte. Erfahrungen sammelte er in dem Land des Whiskys &#8211; in Schottland, in weltber\u00fchmten Destillerien. Das praktische Wissen \u00fcber Whisky entnahm er der weltber\u00fchmten schottischen Destillerie\u00a0Glennfarclas, die j\u00e4hrlich bis zu 3 Millionen Liter Whisky produziert.<\/p>\n<p>\u201eAls ich mich nach all dem Training und der Erfahrung sicher genug f\u00fchlte, meinen eigenen Whisky zu kreieren, f\u00fcllte ich das erste Fass und das Ergebnis \u00fcbertraf alle Erwartungen.\u201c<\/p>\n\t\t\t\t\t\t\t\t<\/div>\n\t\t\t\t<\/div>\n\t\t\t\t\t<\/div>\n\t\t<\/div>\n\t\t\t\t<div class=\"elementor-column elementor-col-25 elementor-top-column elementor-element elementor-element-21b452b9\" data-id=\"21b452b9\" data-element_type=\"column\" data-e-type=\"column\">\n\t\t\t<div class=\"elementor-widget-wrap\">\n\t\t\t\t\t\t\t<\/div>\n\t\t<\/div>\n\t\t\t\t\t<\/div>\n\t\t<\/section>\n\t\t\t\t<section class=\"elementor-section elementor-top-section elementor-element elementor-element-7c6953c6 elementor-section-height-full elementor-section-content-middle elementor-section-full_width elementor-section-items-stretch elementor-reverse-mobile elementor-section-stretched elementor-section-height-default\" data-id=\"7c6953c6\" data-element_type=\"section\" data-e-type=\"section\" data-settings=\"{&quot;background_background&quot;:&quot;classic&quot;,&quot;stretch_section&quot;:&quot;section-stretched&quot;}\">\n\t\t\t\t\t\t<div class=\"elementor-container elementor-column-gap-default\">\n\t\t\t\t\t<div class=\"elementor-column elementor-col-50 elementor-top-column elementor-element elementor-element-1d3beb4d\" data-id=\"1d3beb4d\" data-element_type=\"column\" data-e-type=\"column\">\n\t\t\t<div class=\"elementor-widget-wrap elementor-element-populated\">\n\t\t\t\t\t\t<div class=\"elementor-element elementor-element-9965bc6 elementor-widget elementor-widget-heading\" data-id=\"9965bc6\" data-element_type=\"widget\" data-e-type=\"widget\" data-widget_type=\"heading.default\">\n\t\t\t\t<div class=\"elementor-widget-container\">\n\t\t\t\t\t<h3 class=\"elementor-heading-title elementor-size-default\">ADOPTIERE EIN FASS<\/h3>\t\t\t\t<\/div>\n\t\t\t\t<\/div>\n\t\t\t\t<div class=\"elementor-element elementor-element-a314f47 elementor-widget elementor-widget-text-editor\" data-id=\"a314f47\" data-element_type=\"widget\" data-e-type=\"widget\" data-widget_type=\"text-editor.default\">\n\t\t\t\t<div class=\"elementor-widget-container\">\n\t\t\t\t\t\t\t\t\t<p>Wir haben uns entschlossen Ihnen, Whiskyliebhabern, die M\u00f6glichkeit zu bieten, Ihr eigenes Fass slowenischen Whiskys zu adoptieren und mit nach Hause zu nehmen.<br \/>Der Whisky ist in F\u00e4ssern mit einem Volumen von 30 Litern erh\u00e4ltlich. Sie k\u00f6nnen Ihr Fass nach Belieben kennzeichnen und auf diese Weise Ihre Sammlung um \u201ema\u00dfgeschneiderten\u201c Whisky erweitern.<\/p>\n<p>W\u00e4hlen Sie Ihr Fass mit slowenischem Whisky aus unserer Destillerie, wo wir ihn f\u00fcr die n\u00e4chsten drei Jahre unter strenger Aufsicht und unter den richtigen Bedingungen reifen lassen.<\/p>\n<p>Wir achten sehr auf originelle und einzigartige Produkte, unter denen sich seit mehreren Jahren unser im Eichenfass gereifter Wacholderschnaps hervorhebt. Deshalb haben wir uns entschlossen, Ihnen die Wahl und die M\u00f6glichkeit zu bieten, auch ein 30-Liter-Fass unseres\u00a0gereiften Wacholderschnapses zu adoptieren, der bei unseren Kunden zu einem echten Hit\u00a0geworden ist.<\/p>\n<p>M\u00f6chten Sie Teil eines wundervollen Projekts werden und in Zukunft Ihr eigenes Fass slowenischen Whisky genie\u00dfen oder bevorzugen Sie vielleicht ein Fass mit einzigartigem gereiftem Wacholderschnaps?<\/p>\n<p>Schreiben Sie unserem Brennmeister an die E-Mail-Adresse samo@berryshka.com und vereinbaren Sie alle Details und die Annahme Ihres Fasses.<\/p>\n\t\t\t\t\t\t\t\t<\/div>\n\t\t\t\t<\/div>\n\t\t\t\t<div class=\"elementor-element elementor-element-f29e321 elementor-align-center elementor-widget elementor-widget-button\" data-id=\"f29e321\" data-element_type=\"widget\" data-e-type=\"widget\" data-widget_type=\"button.default\">\n\t\t\t\t<div class=\"elementor-widget-container\">\n\t\t\t\t\t\t\t\t\t<div class=\"elementor-button-wrapper\">\n\t\t\t\t\t<a class=\"elementor-button elementor-button-link elementor-size-sm\" href=\"mailto:samo@berryshka.com\">\n\t\t\t\t\t\t<span class=\"elementor-button-content-wrapper\">\n\t\t\t\t\t\t\t\t\t<span class=\"elementor-button-text\">SCHREIBEN SIE UNS<\/span>\n\t\t\t\t\t<\/span>\n\t\t\t\t\t<\/a>\n\t\t\t\t<\/div>\n\t\t\t\t\t\t\t\t<\/div>\n\t\t\t\t<\/div>\n\t\t\t\t\t<\/div>\n\t\t<\/div>\n\t\t\t\t<div class=\"elementor-column elementor-col-50 elementor-top-column elementor-element elementor-element-3b843779\" data-id=\"3b843779\" data-element_type=\"column\" data-e-type=\"column\" data-settings=\"{&quot;background_background&quot;:&quot;classic&quot;}\">\n\t\t\t<div class=\"elementor-widget-wrap elementor-element-populated\">\n\t\t\t\t\t\t<div class=\"elementor-element elementor-element-1a9bd12f elementor-widget elementor-widget-spacer\" data-id=\"1a9bd12f\" data-element_type=\"widget\" data-e-type=\"widget\" data-widget_type=\"spacer.default\">\n\t\t\t\t<div class=\"elementor-widget-container\">\n\t\t\t\t\t\t\t<div class=\"elementor-spacer\">\n\t\t\t<div class=\"elementor-spacer-inner\"><\/div>\n\t\t<\/div>\n\t\t\t\t\t\t<\/div>\n\t\t\t\t<\/div>\n\t\t\t\t\t<\/div>\n\t\t<\/div>\n\t\t\t\t\t<\/div>\n\t\t<\/section>\n\t\t\t\t<\/div>\n\t\t","protected":false},"excerpt":{"rendered":"<p>ADOPTIERE EIN FASS Nutzen Sie diese einmalige Gelegenheit und werden Sie Besitzer eines der ersten gef\u00fcllten F\u00e4sser und schlie\u00dfen Sie sich der Gruppe der slowenischen Whiskyliebhaber an. Unsere Idee Wir wollen in unserem Unternehmen einer der f\u00fchrenden Hersteller hochwertiger Produkte im Segment der alkoholischen Getr\u00e4nke werden und dabei dem Verbraucher mitteilen, dass es darauf ankommt Qualit\u00e4tsprodukte zu verwenden. Deshalb versuchen Wir seit vielen Jahren, jedes Produkt sorgf\u00e4ltig zu planen und all unser Wissen hineinzustecken, wobei wir bei der Produktion nur die besten und nat\u00fcrlichen Rohstoffe w\u00e4hlen. Unser langfristiges Ziel ist es, Slowenien auf die Landkarte der Whisky produzierenden L\u00e4nder zu&#8230;<\/p>\n","protected":false},"author":1,"featured_media":0,"parent":0,"menu_order":0,"comment_status":"closed","ping_status":"closed","template":"","meta":{"_acf_changed":false,"_seopress_robots_primary_cat":"","_seopress_titles_title":"","_seopress_titles_desc":"","_seopress_robots_index":"","footnotes":""},"class_list":["post-8338","page","type-page","status-publish","hentry"],"acf":[],"_links":{"self":[{"href":"https:\/\/berryshka.com\/de\/wp-json\/wp\/v2\/pages\/8338","targetHints":{"allow":["GET"]}}],"collection":[{"href":"https:\/\/berryshka.com\/de\/wp-json\/wp\/v2\/pages"}],"about":[{"href":"https:\/\/berryshka.com\/de\/wp-json\/wp\/v2\/types\/page"}],"author":[{"embeddable":true,"href":"https:\/\/berryshka.com\/de\/wp-json\/wp\/v2\/users\/1"}],"replies":[{"embeddable":true,"href":"https:\/\/berryshka.com\/de\/wp-json\/wp\/v2\/comments?post=8338"}],"version-history":[{"count":1,"href":"https:\/\/berryshka.com\/de\/wp-json\/wp\/v2\/pages\/8338\/revisions"}],"predecessor-version":[{"id":8339,"href":"https:\/\/berryshka.com\/de\/wp-json\/wp\/v2\/pages\/8338\/revisions\/8339"}],"wp:attachment":[{"href":"https:\/\/berryshka.com\/de\/wp-json\/wp\/v2\/media?parent=8338"}],"curies":[{"name":"wp","href":"https:\/\/api.w.org\/{rel}","templated":true}]}}